{"id":52,"date":"2022-04-02T14:25:43","date_gmt":"2022-04-02T14:25:43","guid":{"rendered":"https:\/\/astd.ville-dinard.fr\/?page_id=52"},"modified":"2025-08-19T07:26:27","modified_gmt":"2025-08-19T07:26:27","slug":"evenements-du-cse","status":"publish","type":"page","link":"https:\/\/astd.ville-dinard.fr\/?page_id=52","title":{"rendered":"EVENEMENTS DU CSE"},"content":{"rendered":"\n<ul class=\"wp-block-list\">\n<li><a href=\"https:\/\/astd.ville-dinard.fr\/wp-content\/uploads\/2022\/11\/invitation-arbre-de-noel-2022.pdf\">Arbre de No\u00ebl<\/a><\/li>\n\n\n\n<li><a href=\"https:\/\/astd.ville-dinard.fr\/wp-content\/uploads\/2025\/08\/SOIREE-FAMILIALE-ET-DANSANTE-DE-LASTD-22-NOVEMBRE-2025.pdf\">Soir\u00e9e familiale et dansante<\/a><\/li>\n\n\n\n<li><a href=\"https:\/\/astd.ville-dinard.fr\/wp-content\/uploads\/2022\/05\/SORTIE-DU-SAMEDI-18-JUIN-2022.pdf\">Sortie<\/a><\/li>\n\n\n\n<li><a href=\"https:\/\/astd.ville-dinard.fr\/wp-content\/uploads\/2022\/06\/formulaire-inscription-maroc-2023-recto-verso.pdf\">Voyage <\/a><\/li>\n\n\n\n<li><a href=\"https:\/\/astd.ville-dinard.fr\/wp-content\/uploads\/2025\/08\/CR-AG-DU-15-MAI-2025-.pdf\" data-type=\"link\" data-id=\"https:\/\/astd.ville-dinard.fr\/wp-content\/uploads\/2025\/08\/CR-AG-DU-15-MAI-2025-.pdf\">Assembl\u00e9e G\u00e9n\u00e9rale <\/a><\/li>\n<\/ul>\n\n\n\n<p><\/p>\n","protected":false},"excerpt":{"rendered":"","protected":false},"author":1,"featured_media":0,"parent":0,"menu_order":0,"comment_status":"closed","ping_status":"closed","template":"","meta":{"footnotes":""},"class_list":["post-52","page","type-page","status-publish","hentry"],"yoast_head":"<!-- This site is optimized with the Yoast SEO plugin v18.1 - https:\/\/yoast.com\/wordpress\/plugins\/seo\/ -->\n<meta name=\"robots\" content=\"index, follow, max-snippet:-1, max-image-preview:large, max-video-preview:-1\" \/>\n<link rel=\"canonical\" href=\"https:\/\/astd.ville-dinard.fr\/?page_id=52\" \/>\n<meta property=\"og:locale\" content=\"fr_FR\" \/>\n<meta property=\"og:type\" content=\"article\" \/>\n<meta property=\"og:title\" content=\"EVENEMENTS DU CSE - ASTD - AMICALE SOCIALE DES TERRITORIAUX DINARD\" \/>\n<meta property=\"og:url\" content=\"https:\/\/astd.ville-dinard.fr\/?page_id=52\" \/>\n<meta property=\"og:site_name\" content=\"ASTD - AMICALE SOCIALE DES TERRITORIAUX DINARD\" \/>\n<meta property=\"article:modified_time\" content=\"2025-08-19T07:26:27+00:00\" \/>\n<meta name=\"twitter:card\" content=\"summary_large_image\" \/>\n<meta name=\"twitter:label1\" content=\"Dur\u00e9e de lecture estim\u00e9e\" \/>\n\t<meta name=\"twitter:data1\" content=\"1 minute\" \/>\n<script type=\"application\/ld+json\" class=\"yoast-schema-graph\">{\"@context\":\"https:\/\/schema.org\",\"@graph\":[{\"@type\":\"WebSite\",\"@id\":\"https:\/\/astd.ville-dinard.fr\/#website\",\"url\":\"https:\/\/astd.ville-dinard.fr\/\",\"name\":\"ASTD - AMICALE SOCIALE DES TERRITORIAUX DINARD\",\"description\":\"T\u00e9l :  02.99.46.91.41 \",\"potentialAction\":[{\"@type\":\"SearchAction\",\"target\":{\"@type\":\"EntryPoint\",\"urlTemplate\":\"https:\/\/astd.ville-dinard.fr\/?s={search_term_string}\"},\"query-input\":\"required name=search_term_string\"}],\"inLanguage\":\"fr-FR\"},{\"@type\":\"WebPage\",\"@id\":\"https:\/\/astd.ville-dinard.fr\/?page_id=52#webpage\",\"url\":\"https:\/\/astd.ville-dinard.fr\/?page_id=52\",\"name\":\"EVENEMENTS DU CSE - ASTD - AMICALE SOCIALE DES TERRITORIAUX DINARD\",\"isPartOf\":{\"@id\":\"https:\/\/astd.ville-dinard.fr\/#website\"},\"datePublished\":\"2022-04-02T14:25:43+00:00\",\"dateModified\":\"2025-08-19T07:26:27+00:00\",\"breadcrumb\":{\"@id\":\"https:\/\/astd.ville-dinard.fr\/?page_id=52#breadcrumb\"},\"inLanguage\":\"fr-FR\",\"potentialAction\":[{\"@type\":\"ReadAction\",\"target\":[\"https:\/\/astd.ville-dinard.fr\/?page_id=52\"]}]},{\"@type\":\"BreadcrumbList\",\"@id\":\"https:\/\/astd.ville-dinard.fr\/?page_id=52#breadcrumb\",\"itemListElement\":[{\"@type\":\"ListItem\",\"position\":1,\"name\":\"Accueil\",\"item\":\"https:\/\/astd.ville-dinard.fr\/\"},{\"@type\":\"ListItem\",\"position\":2,\"name\":\"EVENEMENTS DU CSE\"}]}]}<\/script>\n<!-- \/ Yoast SEO plugin. -->","yoast_head_json":{"robots":{"index":"index","follow":"follow","max-snippet":"max-snippet:-1","max-image-preview":"max-image-preview:large","max-video-preview":"max-video-preview:-1"},"canonical":"https:\/\/astd.ville-dinard.fr\/?page_id=52","og_locale":"fr_FR","og_type":"article","og_title":"EVENEMENTS DU CSE - ASTD - AMICALE SOCIALE DES TERRITORIAUX DINARD","og_url":"https:\/\/astd.ville-dinard.fr\/?page_id=52","og_site_name":"ASTD - AMICALE SOCIALE DES TERRITORIAUX DINARD","article_modified_time":"2025-08-19T07:26:27+00:00","twitter_card":"summary_large_image","twitter_misc":{"Dur\u00e9e de lecture estim\u00e9e":"1 minute"},"schema":{"@context":"https:\/\/schema.org","@graph":[{"@type":"WebSite","@id":"https:\/\/astd.ville-dinard.fr\/#website","url":"https:\/\/astd.ville-dinard.fr\/","name":"ASTD - AMICALE SOCIALE DES TERRITORIAUX DINARD","description":"T\u00e9l :  02.99.46.91.41 ","potentialAction":[{"@type":"SearchAction","target":{"@type":"EntryPoint","urlTemplate":"https:\/\/astd.ville-dinard.fr\/?s={search_term_string}"},"query-input":"required name=search_term_string"}],"inLanguage":"fr-FR"},{"@type":"WebPage","@id":"https:\/\/astd.ville-dinard.fr\/?page_id=52#webpage","url":"https:\/\/astd.ville-dinard.fr\/?page_id=52","name":"EVENEMENTS DU CSE - ASTD - AMICALE SOCIALE DES TERRITORIAUX DINARD","isPartOf":{"@id":"https:\/\/astd.ville-dinard.fr\/#website"},"datePublished":"2022-04-02T14:25:43+00:00","dateModified":"2025-08-19T07:26:27+00:00","breadcrumb":{"@id":"https:\/\/astd.ville-dinard.fr\/?page_id=52#breadcrumb"},"inLanguage":"fr-FR","potentialAction":[{"@type":"ReadAction","target":["https:\/\/astd.ville-dinard.fr\/?page_id=52"]}]},{"@type":"BreadcrumbList","@id":"https:\/\/astd.ville-dinard.fr\/?page_id=52#breadcrumb","itemListElement":[{"@type":"ListItem","position":1,"name":"Accueil","item":"https:\/\/astd.ville-dinard.fr\/"},{"@type":"ListItem","position":2,"name":"EVENEMENTS DU CSE"}]}]}},"_links":{"self":[{"href":"https:\/\/astd.ville-dinard.fr\/index.php?rest_route=\/wp\/v2\/pages\/52","targetHints":{"allow":["GET"]}}],"collection":[{"href":"https:\/\/astd.ville-dinard.fr\/index.php?rest_route=\/wp\/v2\/pages"}],"about":[{"href":"https:\/\/astd.ville-dinard.fr\/index.php?rest_route=\/wp\/v2\/types\/page"}],"author":[{"embeddable":true,"href":"https:\/\/astd.ville-dinard.fr\/index.php?rest_route=\/wp\/v2\/users\/1"}],"replies":[{"embeddable":true,"href":"https:\/\/astd.ville-dinard.fr\/index.php?rest_route=%2Fwp%2Fv2%2Fcomments&post=52"}],"version-history":[{"count":11,"href":"https:\/\/astd.ville-dinard.fr\/index.php?rest_route=\/wp\/v2\/pages\/52\/revisions"}],"predecessor-version":[{"id":421,"href":"https:\/\/astd.ville-dinard.fr\/index.php?rest_route=\/wp\/v2\/pages\/52\/revisions\/421"}],"wp:attachment":[{"href":"https:\/\/astd.ville-dinard.fr\/index.php?rest_route=%2Fwp%2Fv2%2Fmedia&parent=52"}],"curies":[{"name":"wp","href":"https:\/\/api.w.org\/{rel}","templated":true}]}}