{"id":43,"date":"2022-04-02T14:14:41","date_gmt":"2022-04-02T14:14:41","guid":{"rendered":"https:\/\/astd.ville-dinard.fr\/?page_id=43"},"modified":"2024-06-11T08:26:19","modified_gmt":"2024-06-11T08:26:19","slug":"vacances","status":"publish","type":"page","link":"https:\/\/astd.ville-dinard.fr\/?page_id=43","title":{"rendered":"VACANCES"},"content":{"rendered":"\n<p><strong><mark style=\"background-color:rgba(0, 0, 0, 0)\" class=\"has-inline-color has-blue-color\">Voici vos avantages en tant qu&rsquo;adh\u00e9rent \u00e0 l&rsquo;ASTD, pour les codes promotionnels, les r\u00e9ductions vous devez passer au bureau pour les avoir. <\/mark><\/strong><\/p>\n\n\n\n<figure class=\"wp-block-pullquote\"><blockquote><p><a href=\"https:\/\/www.azureva-vacances.com\/\">Azureva<\/a><br><a href=\"https:\/\/www.adagio-city.com\/\">Adagio<\/a><br><a href=\"https:\/\/www.belambra.fr\/\">Belambra<\/a><br><a href=\"http:\/\/camping.com\/\">Camping.com<\/a><br><a href=\"https:\/\/www.centerparcs.fr\/\">Center Parc<\/a><br><a href=\"https:\/\/www.homair.com\/\">Homair<\/a><br><a href=\"https:\/\/www.maeva.com\/fr-fr\/\">Maeva<\/a><br><a href=\"https:\/\/www.ucpa.com\/\">UCPA<\/a><br><a href=\"https:\/\/www.odalys-vacances.com\/\">Odalys<\/a><br><a href=\"https:\/\/www.pierreetvacances.com\/\">Pierre et vacances<\/a><br><a href=\"https:\/\/www.sandaya.fr\/\">Sandaya<\/a><br><a href=\"https:\/\/www.yellohvillage.fr\/\">Yelloh Village <\/a><br><a href=\"http:\/\/www.mondiapic.com\">Loisirs Vacances Passion<\/a><br><a href=\"https:\/\/www.vacansoleil.fr\/?arrival=2023-07-22&amp;departure=2023-07-29&amp;datemargin=7\">Vacansoleil<\/a><br><a href=\"https:\/\/www.cybelevacances.com\/\">Cybele Vacances<\/a><br><a href=\"https:\/\/fr.camping-and-co.com\/?utm_source=partenaire&amp;utm_medium=ce&amp;utm_campaign=ASTD\">Camping an<\/a><a href=\"https:\/\/fr.camping-and-co.com\/login-ce\">d co.com<\/a><br><a href=\"https:\/\/tripandco.com\/#loginCSE\">trip and co<\/a><br><a href=\"https:\/\/www.residence-nemea.com\/\">Nemea<\/a><br><a href=\"http:\/\/www.vacanceole.com\">Vacanc\u00e9ole<\/a><br><\/p><\/blockquote><\/figure>\n","protected":false},"excerpt":{"rendered":"<p>Voici vos avantages en tant qu&rsquo;adh\u00e9rent \u00e0 l&rsquo;ASTD, pour les codes promotionnels, les r\u00e9ductions vous devez passer au bureau pour les avoir. AzurevaAdagioBelambraCamping.comCenter ParcHomairMaevaUCPAOdalysPierre et vacancesSandayaYelloh Village Loisirs Vacances PassionVacansoleilCybele VacancesCamping and co.comtrip and coNemeaVacanc\u00e9ole<\/p>\n","protected":false},"author":1,"featured_media":0,"parent":0,"menu_order":0,"comment_status":"closed","ping_status":"closed","template":"","meta":{"footnotes":""},"class_list":["post-43","page","type-page","status-publish","hentry"],"yoast_head":"<!-- This site is optimized with the Yoast SEO plugin v18.1 - https:\/\/yoast.com\/wordpress\/plugins\/seo\/ -->\n<meta name=\"robots\" content=\"index, follow, max-snippet:-1, max-image-preview:large, max-video-preview:-1\" \/>\n<link rel=\"canonical\" href=\"https:\/\/astd.ville-dinard.fr\/?page_id=43\" \/>\n<meta property=\"og:locale\" content=\"fr_FR\" \/>\n<meta property=\"og:type\" content=\"article\" \/>\n<meta property=\"og:title\" content=\"VACANCES - ASTD - AMICALE SOCIALE DES TERRITORIAUX DINARD\" \/>\n<meta property=\"og:description\" content=\"Voici vos avantages en tant qu&rsquo;adh\u00e9rent \u00e0 l&rsquo;ASTD, pour les codes promotionnels, les r\u00e9ductions vous devez passer au bureau pour les avoir. AzurevaAdagioBelambraCamping.comCenter ParcHomairMaevaUCPAOdalysPierre et vacancesSandayaYelloh Village Loisirs Vacances PassionVacansoleilCybele VacancesCamping and co.comtrip and coNemeaVacanc\u00e9ole\" \/>\n<meta property=\"og:url\" content=\"https:\/\/astd.ville-dinard.fr\/?page_id=43\" \/>\n<meta property=\"og:site_name\" content=\"ASTD - AMICALE SOCIALE DES TERRITORIAUX DINARD\" \/>\n<meta property=\"article:modified_time\" content=\"2024-06-11T08:26:19+00:00\" \/>\n<meta name=\"twitter:card\" content=\"summary_large_image\" \/>\n<meta name=\"twitter:label1\" content=\"Dur\u00e9e de lecture estim\u00e9e\" \/>\n\t<meta name=\"twitter:data1\" content=\"1 minute\" \/>\n<script type=\"application\/ld+json\" class=\"yoast-schema-graph\">{\"@context\":\"https:\/\/schema.org\",\"@graph\":[{\"@type\":\"WebSite\",\"@id\":\"https:\/\/astd.ville-dinard.fr\/#website\",\"url\":\"https:\/\/astd.ville-dinard.fr\/\",\"name\":\"ASTD - AMICALE SOCIALE DES TERRITORIAUX DINARD\",\"description\":\"T\u00e9l :  02.99.46.91.41 \",\"potentialAction\":[{\"@type\":\"SearchAction\",\"target\":{\"@type\":\"EntryPoint\",\"urlTemplate\":\"https:\/\/astd.ville-dinard.fr\/?s={search_term_string}\"},\"query-input\":\"required name=search_term_string\"}],\"inLanguage\":\"fr-FR\"},{\"@type\":\"WebPage\",\"@id\":\"https:\/\/astd.ville-dinard.fr\/?page_id=43#webpage\",\"url\":\"https:\/\/astd.ville-dinard.fr\/?page_id=43\",\"name\":\"VACANCES - ASTD - AMICALE SOCIALE DES TERRITORIAUX DINARD\",\"isPartOf\":{\"@id\":\"https:\/\/astd.ville-dinard.fr\/#website\"},\"datePublished\":\"2022-04-02T14:14:41+00:00\",\"dateModified\":\"2024-06-11T08:26:19+00:00\",\"breadcrumb\":{\"@id\":\"https:\/\/astd.ville-dinard.fr\/?page_id=43#breadcrumb\"},\"inLanguage\":\"fr-FR\",\"potentialAction\":[{\"@type\":\"ReadAction\",\"target\":[\"https:\/\/astd.ville-dinard.fr\/?page_id=43\"]}]},{\"@type\":\"BreadcrumbList\",\"@id\":\"https:\/\/astd.ville-dinard.fr\/?page_id=43#breadcrumb\",\"itemListElement\":[{\"@type\":\"ListItem\",\"position\":1,\"name\":\"Accueil\",\"item\":\"https:\/\/astd.ville-dinard.fr\/\"},{\"@type\":\"ListItem\",\"position\":2,\"name\":\"VACANCES\"}]}]}<\/script>\n<!-- \/ Yoast SEO plugin. -->","yoast_head_json":{"robots":{"index":"index","follow":"follow","max-snippet":"max-snippet:-1","max-image-preview":"max-image-preview:large","max-video-preview":"max-video-preview:-1"},"canonical":"https:\/\/astd.ville-dinard.fr\/?page_id=43","og_locale":"fr_FR","og_type":"article","og_title":"VACANCES - ASTD - AMICALE SOCIALE DES TERRITORIAUX DINARD","og_description":"Voici vos avantages en tant qu&rsquo;adh\u00e9rent \u00e0 l&rsquo;ASTD, pour les codes promotionnels, les r\u00e9ductions vous devez passer au bureau pour les avoir. AzurevaAdagioBelambraCamping.comCenter ParcHomairMaevaUCPAOdalysPierre et vacancesSandayaYelloh Village Loisirs Vacances PassionVacansoleilCybele VacancesCamping and co.comtrip and coNemeaVacanc\u00e9ole","og_url":"https:\/\/astd.ville-dinard.fr\/?page_id=43","og_site_name":"ASTD - AMICALE SOCIALE DES TERRITORIAUX DINARD","article_modified_time":"2024-06-11T08:26:19+00:00","twitter_card":"summary_large_image","twitter_misc":{"Dur\u00e9e de lecture estim\u00e9e":"1 minute"},"schema":{"@context":"https:\/\/schema.org","@graph":[{"@type":"WebSite","@id":"https:\/\/astd.ville-dinard.fr\/#website","url":"https:\/\/astd.ville-dinard.fr\/","name":"ASTD - AMICALE SOCIALE DES TERRITORIAUX DINARD","description":"T\u00e9l :  02.99.46.91.41 ","potentialAction":[{"@type":"SearchAction","target":{"@type":"EntryPoint","urlTemplate":"https:\/\/astd.ville-dinard.fr\/?s={search_term_string}"},"query-input":"required name=search_term_string"}],"inLanguage":"fr-FR"},{"@type":"WebPage","@id":"https:\/\/astd.ville-dinard.fr\/?page_id=43#webpage","url":"https:\/\/astd.ville-dinard.fr\/?page_id=43","name":"VACANCES - ASTD - AMICALE SOCIALE DES TERRITORIAUX DINARD","isPartOf":{"@id":"https:\/\/astd.ville-dinard.fr\/#website"},"datePublished":"2022-04-02T14:14:41+00:00","dateModified":"2024-06-11T08:26:19+00:00","breadcrumb":{"@id":"https:\/\/astd.ville-dinard.fr\/?page_id=43#breadcrumb"},"inLanguage":"fr-FR","potentialAction":[{"@type":"ReadAction","target":["https:\/\/astd.ville-dinard.fr\/?page_id=43"]}]},{"@type":"BreadcrumbList","@id":"https:\/\/astd.ville-dinard.fr\/?page_id=43#breadcrumb","itemListElement":[{"@type":"ListItem","position":1,"name":"Accueil","item":"https:\/\/astd.ville-dinard.fr\/"},{"@type":"ListItem","position":2,"name":"VACANCES"}]}]}},"_links":{"self":[{"href":"https:\/\/astd.ville-dinard.fr\/index.php?rest_route=\/wp\/v2\/pages\/43","targetHints":{"allow":["GET"]}}],"collection":[{"href":"https:\/\/astd.ville-dinard.fr\/index.php?rest_route=\/wp\/v2\/pages"}],"about":[{"href":"https:\/\/astd.ville-dinard.fr\/index.php?rest_route=\/wp\/v2\/types\/page"}],"author":[{"embeddable":true,"href":"https:\/\/astd.ville-dinard.fr\/index.php?rest_route=\/wp\/v2\/users\/1"}],"replies":[{"embeddable":true,"href":"https:\/\/astd.ville-dinard.fr\/index.php?rest_route=%2Fwp%2Fv2%2Fcomments&post=43"}],"version-history":[{"count":11,"href":"https:\/\/astd.ville-dinard.fr\/index.php?rest_route=\/wp\/v2\/pages\/43\/revisions"}],"predecessor-version":[{"id":373,"href":"https:\/\/astd.ville-dinard.fr\/index.php?rest_route=\/wp\/v2\/pages\/43\/revisions\/373"}],"wp:attachment":[{"href":"https:\/\/astd.ville-dinard.fr\/index.php?rest_route=%2Fwp%2Fv2%2Fmedia&parent=43"}],"curies":[{"name":"wp","href":"https:\/\/api.w.org\/{rel}","templated":true}]}}