{"id":41,"date":"2022-04-02T14:12:31","date_gmt":"2022-04-02T14:12:31","guid":{"rendered":"https:\/\/astd.ville-dinard.fr\/?page_id=41"},"modified":"2025-08-25T09:40:02","modified_gmt":"2025-08-25T09:40:02","slug":"gourmandises","status":"publish","type":"page","link":"https:\/\/astd.ville-dinard.fr\/?page_id=41","title":{"rendered":"GOURMANDISES"},"content":{"rendered":"\n<p><strong><mark style=\"background-color:rgba(0, 0, 0, 0)\" class=\"has-inline-color has-blue-color\">Voici vos avantages en tant qu&rsquo;adh\u00e9rent \u00e0 l&rsquo;ASTD, pour les codes promotionnels, les r\u00e9ductions vous devez passer au bureau pour les avoir<\/mark><\/strong>\ud83d\ude42<\/p>\n\n\n\n<figure class=\"wp-block-pullquote\"><blockquote><p><a href=\"http:\/\/apg-auvergne.fr\/\">Saucissons APG Auvergne<\/a><br><a href=\"https:\/\/www.bijou.com\/\">G\u00e2teaux bijou<\/a><br>Noix de Saint Jacques (2 fois dans l&rsquo;ann\u00e9e)<br>Hu\u00eetres\/Foie gras (NOEL)<br><a href=\"https:\/\/www.gavottes.fr\/fr\">Gavottes<\/a><br><a href=\"https:\/\/www.gouters-magiques.com\/\">Go\u00fbters magiques<\/a><br><a href=\"https:\/\/www.creperie-leguen.com\/\">Le Guen<\/a><br>Chocolat<br>L\u00e9gumes (en cours)<br>Miel (1 fois dans l&rsquo;ann\u00e9e)<\/p><\/blockquote><\/figure>\n","protected":false},"excerpt":{"rendered":"<p>Voici vos avantages en tant qu&rsquo;adh\u00e9rent \u00e0 l&rsquo;ASTD, pour les codes promotionnels, les r\u00e9ductions vous devez passer au bureau pour les avoir\ud83d\ude42 Saucissons APG AuvergneG\u00e2teaux bijouNoix de Saint Jacques (2 fois dans l&rsquo;ann\u00e9e)Hu\u00eetres\/Foie gras (NOEL)GavottesGo\u00fbters magiquesLe GuenChocolatL\u00e9gumes (en cours)Miel (1 &hellip; <a href=\"https:\/\/astd.ville-dinard.fr\/?page_id=41\">Continuer la lecture <span class=\"meta-nav\">&rarr;<\/span><\/a><\/p>\n","protected":false},"author":1,"featured_media":0,"parent":0,"menu_order":0,"comment_status":"closed","ping_status":"closed","template":"","meta":{"footnotes":""},"class_list":["post-41","page","type-page","status-publish","hentry"],"yoast_head":"<!-- This site is optimized with the Yoast SEO plugin v18.1 - https:\/\/yoast.com\/wordpress\/plugins\/seo\/ -->\n<meta name=\"robots\" content=\"index, follow, max-snippet:-1, max-image-preview:large, max-video-preview:-1\" \/>\n<link rel=\"canonical\" href=\"https:\/\/astd.ville-dinard.fr\/?page_id=41\" \/>\n<meta property=\"og:locale\" content=\"fr_FR\" \/>\n<meta property=\"og:type\" content=\"article\" \/>\n<meta property=\"og:title\" content=\"GOURMANDISES - ASTD - AMICALE SOCIALE DES TERRITORIAUX DINARD\" \/>\n<meta property=\"og:description\" content=\"Voici vos avantages en tant qu&rsquo;adh\u00e9rent \u00e0 l&rsquo;ASTD, pour les codes promotionnels, les r\u00e9ductions vous devez passer au bureau pour les avoir\ud83d\ude42 Saucissons APG AuvergneG\u00e2teaux bijouNoix de Saint Jacques (2 fois dans l&rsquo;ann\u00e9e)Hu\u00eetres\/Foie gras (NOEL)GavottesGo\u00fbters magiquesLe GuenChocolatL\u00e9gumes (en cours)Miel (1 &hellip; Continuer la lecture &rarr;\" \/>\n<meta property=\"og:url\" content=\"https:\/\/astd.ville-dinard.fr\/?page_id=41\" \/>\n<meta property=\"og:site_name\" content=\"ASTD - AMICALE SOCIALE DES TERRITORIAUX DINARD\" \/>\n<meta property=\"article:modified_time\" content=\"2025-08-25T09:40:02+00:00\" \/>\n<meta name=\"twitter:card\" content=\"summary_large_image\" \/>\n<meta name=\"twitter:label1\" content=\"Dur\u00e9e de lecture estim\u00e9e\" \/>\n\t<meta name=\"twitter:data1\" content=\"1 minute\" \/>\n<script type=\"application\/ld+json\" class=\"yoast-schema-graph\">{\"@context\":\"https:\/\/schema.org\",\"@graph\":[{\"@type\":\"WebSite\",\"@id\":\"https:\/\/astd.ville-dinard.fr\/#website\",\"url\":\"https:\/\/astd.ville-dinard.fr\/\",\"name\":\"ASTD - AMICALE SOCIALE DES TERRITORIAUX DINARD\",\"description\":\"T\u00e9l :  02.99.46.91.41 \",\"potentialAction\":[{\"@type\":\"SearchAction\",\"target\":{\"@type\":\"EntryPoint\",\"urlTemplate\":\"https:\/\/astd.ville-dinard.fr\/?s={search_term_string}\"},\"query-input\":\"required name=search_term_string\"}],\"inLanguage\":\"fr-FR\"},{\"@type\":\"WebPage\",\"@id\":\"https:\/\/astd.ville-dinard.fr\/?page_id=41#webpage\",\"url\":\"https:\/\/astd.ville-dinard.fr\/?page_id=41\",\"name\":\"GOURMANDISES - ASTD - AMICALE SOCIALE DES TERRITORIAUX DINARD\",\"isPartOf\":{\"@id\":\"https:\/\/astd.ville-dinard.fr\/#website\"},\"datePublished\":\"2022-04-02T14:12:31+00:00\",\"dateModified\":\"2025-08-25T09:40:02+00:00\",\"breadcrumb\":{\"@id\":\"https:\/\/astd.ville-dinard.fr\/?page_id=41#breadcrumb\"},\"inLanguage\":\"fr-FR\",\"potentialAction\":[{\"@type\":\"ReadAction\",\"target\":[\"https:\/\/astd.ville-dinard.fr\/?page_id=41\"]}]},{\"@type\":\"BreadcrumbList\",\"@id\":\"https:\/\/astd.ville-dinard.fr\/?page_id=41#breadcrumb\",\"itemListElement\":[{\"@type\":\"ListItem\",\"position\":1,\"name\":\"Accueil\",\"item\":\"https:\/\/astd.ville-dinard.fr\/\"},{\"@type\":\"ListItem\",\"position\":2,\"name\":\"GOURMANDISES\"}]}]}<\/script>\n<!-- \/ Yoast SEO plugin. -->","yoast_head_json":{"robots":{"index":"index","follow":"follow","max-snippet":"max-snippet:-1","max-image-preview":"max-image-preview:large","max-video-preview":"max-video-preview:-1"},"canonical":"https:\/\/astd.ville-dinard.fr\/?page_id=41","og_locale":"fr_FR","og_type":"article","og_title":"GOURMANDISES - ASTD - AMICALE SOCIALE DES TERRITORIAUX DINARD","og_description":"Voici vos avantages en tant qu&rsquo;adh\u00e9rent \u00e0 l&rsquo;ASTD, pour les codes promotionnels, les r\u00e9ductions vous devez passer au bureau pour les avoir\ud83d\ude42 Saucissons APG AuvergneG\u00e2teaux bijouNoix de Saint Jacques (2 fois dans l&rsquo;ann\u00e9e)Hu\u00eetres\/Foie gras (NOEL)GavottesGo\u00fbters magiquesLe GuenChocolatL\u00e9gumes (en cours)Miel (1 &hellip; Continuer la lecture &rarr;","og_url":"https:\/\/astd.ville-dinard.fr\/?page_id=41","og_site_name":"ASTD - AMICALE SOCIALE DES TERRITORIAUX DINARD","article_modified_time":"2025-08-25T09:40:02+00:00","twitter_card":"summary_large_image","twitter_misc":{"Dur\u00e9e de lecture estim\u00e9e":"1 minute"},"schema":{"@context":"https:\/\/schema.org","@graph":[{"@type":"WebSite","@id":"https:\/\/astd.ville-dinard.fr\/#website","url":"https:\/\/astd.ville-dinard.fr\/","name":"ASTD - AMICALE SOCIALE DES TERRITORIAUX DINARD","description":"T\u00e9l :  02.99.46.91.41 ","potentialAction":[{"@type":"SearchAction","target":{"@type":"EntryPoint","urlTemplate":"https:\/\/astd.ville-dinard.fr\/?s={search_term_string}"},"query-input":"required name=search_term_string"}],"inLanguage":"fr-FR"},{"@type":"WebPage","@id":"https:\/\/astd.ville-dinard.fr\/?page_id=41#webpage","url":"https:\/\/astd.ville-dinard.fr\/?page_id=41","name":"GOURMANDISES - ASTD - AMICALE SOCIALE DES TERRITORIAUX DINARD","isPartOf":{"@id":"https:\/\/astd.ville-dinard.fr\/#website"},"datePublished":"2022-04-02T14:12:31+00:00","dateModified":"2025-08-25T09:40:02+00:00","breadcrumb":{"@id":"https:\/\/astd.ville-dinard.fr\/?page_id=41#breadcrumb"},"inLanguage":"fr-FR","potentialAction":[{"@type":"ReadAction","target":["https:\/\/astd.ville-dinard.fr\/?page_id=41"]}]},{"@type":"BreadcrumbList","@id":"https:\/\/astd.ville-dinard.fr\/?page_id=41#breadcrumb","itemListElement":[{"@type":"ListItem","position":1,"name":"Accueil","item":"https:\/\/astd.ville-dinard.fr\/"},{"@type":"ListItem","position":2,"name":"GOURMANDISES"}]}]}},"_links":{"self":[{"href":"https:\/\/astd.ville-dinard.fr\/index.php?rest_route=\/wp\/v2\/pages\/41","targetHints":{"allow":["GET"]}}],"collection":[{"href":"https:\/\/astd.ville-dinard.fr\/index.php?rest_route=\/wp\/v2\/pages"}],"about":[{"href":"https:\/\/astd.ville-dinard.fr\/index.php?rest_route=\/wp\/v2\/types\/page"}],"author":[{"embeddable":true,"href":"https:\/\/astd.ville-dinard.fr\/index.php?rest_route=\/wp\/v2\/users\/1"}],"replies":[{"embeddable":true,"href":"https:\/\/astd.ville-dinard.fr\/index.php?rest_route=%2Fwp%2Fv2%2Fcomments&post=41"}],"version-history":[{"count":7,"href":"https:\/\/astd.ville-dinard.fr\/index.php?rest_route=\/wp\/v2\/pages\/41\/revisions"}],"predecessor-version":[{"id":427,"href":"https:\/\/astd.ville-dinard.fr\/index.php?rest_route=\/wp\/v2\/pages\/41\/revisions\/427"}],"wp:attachment":[{"href":"https:\/\/astd.ville-dinard.fr\/index.php?rest_route=%2Fwp%2Fv2%2Fmedia&parent=41"}],"curies":[{"name":"wp","href":"https:\/\/api.w.org\/{rel}","templated":true}]}}