{"id":39,"date":"2022-04-02T14:10:30","date_gmt":"2022-04-02T14:10:30","guid":{"rendered":"https:\/\/astd.ville-dinard.fr\/?page_id=39"},"modified":"2025-12-02T08:06:24","modified_gmt":"2025-12-02T08:06:24","slug":"bien-etre","status":"publish","type":"page","link":"https:\/\/astd.ville-dinard.fr\/?page_id=39","title":{"rendered":"BIEN-ETRE\/BOUGIES"},"content":{"rendered":"\n<p><strong><mark style=\"background-color:rgba(0, 0, 0, 0)\" class=\"has-inline-color has-blue-color\">Voici vos avantages en tant qu&rsquo;adh\u00e9rent \u00e0 l&rsquo;ASTD, pour les codes promotionnels, les r\u00e9ductions vous devez passer au bureau pour les avoir<\/mark><\/strong>\ud83d\ude42<\/p>\n\n\n\n<figure class=\"wp-block-pullquote\"><blockquote><p><a href=\"https:\/\/www.thalasso-saintmalo.com\/fr\/\">Thermes de Saint Malo<\/a><br><a href=\"https:\/\/www.emeriadinard.com\/fr\/\">Thalasso de Dinard<\/a><br><a href=\"https:\/\/www.naturantalgie.com\/?utm_source=google&amp;utm_medium=wix_google_business_profile&amp;utm_campaign=15295916357772706184\">Naturantalgie (naturo, diff\u00e9rentes reflexologies,massges amma asis,relaxation<\/a><br><a href=\"https:\/\/ocealia.fr\/\">Ocealia (produits nature thalasso)<\/a><br><a href=\"https:\/\/lesfondantsdeloulla.fr\/\">les fondants de loulla<\/a><br><a href=\"http:\/\/www.sofitel-quiberon-thalassa.com\">Thalasso de Quiberon<\/a><br><a href=\"https:\/\/reginemenissier0.wixsite.com\/temps-de-pause\">Sophrologie Massages<\/a><br><\/p><\/blockquote><\/figure>\n\n\n\n<p><\/p>\n","protected":false},"excerpt":{"rendered":"<p>Voici vos avantages en tant qu&rsquo;adh\u00e9rent \u00e0 l&rsquo;ASTD, pour les codes promotionnels, les r\u00e9ductions vous devez passer au bureau pour les avoir\ud83d\ude42 Thermes de Saint MaloThalasso de DinardNaturantalgie (naturo, diff\u00e9rentes reflexologies,massges amma asis,relaxationOcealia (produits nature thalasso)les fondants de loullaThalasso de &hellip; <a href=\"https:\/\/astd.ville-dinard.fr\/?page_id=39\">Continuer la lecture <span class=\"meta-nav\">&rarr;<\/span><\/a><\/p>\n","protected":false},"author":1,"featured_media":0,"parent":0,"menu_order":0,"comment_status":"closed","ping_status":"closed","template":"","meta":{"footnotes":""},"class_list":["post-39","page","type-page","status-publish","hentry"],"yoast_head":"<!-- This site is optimized with the Yoast SEO plugin v18.1 - https:\/\/yoast.com\/wordpress\/plugins\/seo\/ -->\n<meta name=\"robots\" content=\"index, follow, max-snippet:-1, max-image-preview:large, max-video-preview:-1\" \/>\n<link rel=\"canonical\" href=\"https:\/\/astd.ville-dinard.fr\/?page_id=39\" \/>\n<meta property=\"og:locale\" content=\"fr_FR\" \/>\n<meta property=\"og:type\" content=\"article\" \/>\n<meta property=\"og:title\" content=\"BIEN-ETRE\/BOUGIES - ASTD - AMICALE SOCIALE DES TERRITORIAUX DINARD\" \/>\n<meta property=\"og:description\" content=\"Voici vos avantages en tant qu&rsquo;adh\u00e9rent \u00e0 l&rsquo;ASTD, pour les codes promotionnels, les r\u00e9ductions vous devez passer au bureau pour les avoir\ud83d\ude42 Thermes de Saint MaloThalasso de DinardNaturantalgie (naturo, diff\u00e9rentes reflexologies,massges amma asis,relaxationOcealia (produits nature thalasso)les fondants de loullaThalasso de &hellip; Continuer la lecture &rarr;\" \/>\n<meta property=\"og:url\" content=\"https:\/\/astd.ville-dinard.fr\/?page_id=39\" \/>\n<meta property=\"og:site_name\" content=\"ASTD - AMICALE SOCIALE DES TERRITORIAUX DINARD\" \/>\n<meta property=\"article:modified_time\" content=\"2025-12-02T08:06:24+00:00\" \/>\n<meta name=\"twitter:card\" content=\"summary_large_image\" \/>\n<meta name=\"twitter:label1\" content=\"Dur\u00e9e de lecture estim\u00e9e\" \/>\n\t<meta name=\"twitter:data1\" content=\"1 minute\" \/>\n<script type=\"application\/ld+json\" class=\"yoast-schema-graph\">{\"@context\":\"https:\/\/schema.org\",\"@graph\":[{\"@type\":\"WebSite\",\"@id\":\"https:\/\/astd.ville-dinard.fr\/#website\",\"url\":\"https:\/\/astd.ville-dinard.fr\/\",\"name\":\"ASTD - AMICALE SOCIALE DES TERRITORIAUX DINARD\",\"description\":\"T\u00e9l :  02.99.46.91.41 \",\"potentialAction\":[{\"@type\":\"SearchAction\",\"target\":{\"@type\":\"EntryPoint\",\"urlTemplate\":\"https:\/\/astd.ville-dinard.fr\/?s={search_term_string}\"},\"query-input\":\"required name=search_term_string\"}],\"inLanguage\":\"fr-FR\"},{\"@type\":\"WebPage\",\"@id\":\"https:\/\/astd.ville-dinard.fr\/?page_id=39#webpage\",\"url\":\"https:\/\/astd.ville-dinard.fr\/?page_id=39\",\"name\":\"BIEN-ETRE\/BOUGIES - ASTD - AMICALE SOCIALE DES TERRITORIAUX DINARD\",\"isPartOf\":{\"@id\":\"https:\/\/astd.ville-dinard.fr\/#website\"},\"datePublished\":\"2022-04-02T14:10:30+00:00\",\"dateModified\":\"2025-12-02T08:06:24+00:00\",\"breadcrumb\":{\"@id\":\"https:\/\/astd.ville-dinard.fr\/?page_id=39#breadcrumb\"},\"inLanguage\":\"fr-FR\",\"potentialAction\":[{\"@type\":\"ReadAction\",\"target\":[\"https:\/\/astd.ville-dinard.fr\/?page_id=39\"]}]},{\"@type\":\"BreadcrumbList\",\"@id\":\"https:\/\/astd.ville-dinard.fr\/?page_id=39#breadcrumb\",\"itemListElement\":[{\"@type\":\"ListItem\",\"position\":1,\"name\":\"Accueil\",\"item\":\"https:\/\/astd.ville-dinard.fr\/\"},{\"@type\":\"ListItem\",\"position\":2,\"name\":\"BIEN-ETRE\/BOUGIES\"}]}]}<\/script>\n<!-- \/ Yoast SEO plugin. -->","yoast_head_json":{"robots":{"index":"index","follow":"follow","max-snippet":"max-snippet:-1","max-image-preview":"max-image-preview:large","max-video-preview":"max-video-preview:-1"},"canonical":"https:\/\/astd.ville-dinard.fr\/?page_id=39","og_locale":"fr_FR","og_type":"article","og_title":"BIEN-ETRE\/BOUGIES - ASTD - AMICALE SOCIALE DES TERRITORIAUX DINARD","og_description":"Voici vos avantages en tant qu&rsquo;adh\u00e9rent \u00e0 l&rsquo;ASTD, pour les codes promotionnels, les r\u00e9ductions vous devez passer au bureau pour les avoir\ud83d\ude42 Thermes de Saint MaloThalasso de DinardNaturantalgie (naturo, diff\u00e9rentes reflexologies,massges amma asis,relaxationOcealia (produits nature thalasso)les fondants de loullaThalasso de &hellip; Continuer la lecture &rarr;","og_url":"https:\/\/astd.ville-dinard.fr\/?page_id=39","og_site_name":"ASTD - AMICALE SOCIALE DES TERRITORIAUX DINARD","article_modified_time":"2025-12-02T08:06:24+00:00","twitter_card":"summary_large_image","twitter_misc":{"Dur\u00e9e de lecture estim\u00e9e":"1 minute"},"schema":{"@context":"https:\/\/schema.org","@graph":[{"@type":"WebSite","@id":"https:\/\/astd.ville-dinard.fr\/#website","url":"https:\/\/astd.ville-dinard.fr\/","name":"ASTD - AMICALE SOCIALE DES TERRITORIAUX DINARD","description":"T\u00e9l :  02.99.46.91.41 ","potentialAction":[{"@type":"SearchAction","target":{"@type":"EntryPoint","urlTemplate":"https:\/\/astd.ville-dinard.fr\/?s={search_term_string}"},"query-input":"required name=search_term_string"}],"inLanguage":"fr-FR"},{"@type":"WebPage","@id":"https:\/\/astd.ville-dinard.fr\/?page_id=39#webpage","url":"https:\/\/astd.ville-dinard.fr\/?page_id=39","name":"BIEN-ETRE\/BOUGIES - ASTD - AMICALE SOCIALE DES TERRITORIAUX DINARD","isPartOf":{"@id":"https:\/\/astd.ville-dinard.fr\/#website"},"datePublished":"2022-04-02T14:10:30+00:00","dateModified":"2025-12-02T08:06:24+00:00","breadcrumb":{"@id":"https:\/\/astd.ville-dinard.fr\/?page_id=39#breadcrumb"},"inLanguage":"fr-FR","potentialAction":[{"@type":"ReadAction","target":["https:\/\/astd.ville-dinard.fr\/?page_id=39"]}]},{"@type":"BreadcrumbList","@id":"https:\/\/astd.ville-dinard.fr\/?page_id=39#breadcrumb","itemListElement":[{"@type":"ListItem","position":1,"name":"Accueil","item":"https:\/\/astd.ville-dinard.fr\/"},{"@type":"ListItem","position":2,"name":"BIEN-ETRE\/BOUGIES"}]}]}},"_links":{"self":[{"href":"https:\/\/astd.ville-dinard.fr\/index.php?rest_route=\/wp\/v2\/pages\/39","targetHints":{"allow":["GET"]}}],"collection":[{"href":"https:\/\/astd.ville-dinard.fr\/index.php?rest_route=\/wp\/v2\/pages"}],"about":[{"href":"https:\/\/astd.ville-dinard.fr\/index.php?rest_route=\/wp\/v2\/types\/page"}],"author":[{"embeddable":true,"href":"https:\/\/astd.ville-dinard.fr\/index.php?rest_route=\/wp\/v2\/users\/1"}],"replies":[{"embeddable":true,"href":"https:\/\/astd.ville-dinard.fr\/index.php?rest_route=%2Fwp%2Fv2%2Fcomments&post=39"}],"version-history":[{"count":13,"href":"https:\/\/astd.ville-dinard.fr\/index.php?rest_route=\/wp\/v2\/pages\/39\/revisions"}],"predecessor-version":[{"id":364,"href":"https:\/\/astd.ville-dinard.fr\/index.php?rest_route=\/wp\/v2\/pages\/39\/revisions\/364"}],"wp:attachment":[{"href":"https:\/\/astd.ville-dinard.fr\/index.php?rest_route=%2Fwp%2Fv2%2Fmedia&parent=39"}],"curies":[{"name":"wp","href":"https:\/\/api.w.org\/{rel}","templated":true}]}}