{"id":379,"date":"2024-07-02T09:25:11","date_gmt":"2024-07-02T09:25:11","guid":{"rendered":"https:\/\/astd.ville-dinard.fr\/?page_id=379"},"modified":"2024-07-02T09:39:15","modified_gmt":"2024-07-02T09:39:15","slug":"papeterie","status":"publish","type":"page","link":"https:\/\/astd.ville-dinard.fr\/?page_id=379","title":{"rendered":"PAPETERIE\/FOURNITURES SCOLAIRES"},"content":{"rendered":"\n<p>Je vous propose de b\u00e9n\u00e9ficier de 10% de remise sur vos achats de papeterie, pour vos enfants, pour vous-m\u00eame \u00e9galement.<\/p>\n\n\n\n<p>Code \u00e0 votre disposition au bureau ou dans vos mailings \ud83d\ude42<\/p>\n\n\n\n<p>Allez sur le site : <a href=\"https:\/\/emarentree.fr\/\">https:\/\/emarentree.fr\/<\/a><\/p>\n\n\n\n<p><\/p>\n","protected":false},"excerpt":{"rendered":"<p>Je vous propose de b\u00e9n\u00e9ficier de 10% de remise sur vos achats de papeterie, pour vos enfants, pour vous-m\u00eame \u00e9galement. Code \u00e0 votre disposition au bureau ou dans vos mailings \ud83d\ude42 Allez sur le site : https:\/\/emarentree.fr\/<\/p>\n","protected":false},"author":1,"featured_media":0,"parent":0,"menu_order":0,"comment_status":"closed","ping_status":"closed","template":"","meta":{"footnotes":""},"class_list":["post-379","page","type-page","status-publish","hentry"],"yoast_head":"<!-- This site is optimized with the Yoast SEO plugin v18.1 - https:\/\/yoast.com\/wordpress\/plugins\/seo\/ -->\n<meta name=\"robots\" content=\"index, follow, max-snippet:-1, max-image-preview:large, max-video-preview:-1\" \/>\n<link rel=\"canonical\" href=\"https:\/\/astd.ville-dinard.fr\/?page_id=379\" \/>\n<meta property=\"og:locale\" content=\"fr_FR\" \/>\n<meta property=\"og:type\" content=\"article\" \/>\n<meta property=\"og:title\" content=\"PAPETERIE\/FOURNITURES SCOLAIRES - ASTD - AMICALE SOCIALE DES TERRITORIAUX DINARD\" \/>\n<meta property=\"og:description\" content=\"Je vous propose de b\u00e9n\u00e9ficier de 10% de remise sur vos achats de papeterie, pour vos enfants, pour vous-m\u00eame \u00e9galement. Code \u00e0 votre disposition au bureau ou dans vos mailings \ud83d\ude42 Allez sur le site : https:\/\/emarentree.fr\/\" \/>\n<meta property=\"og:url\" content=\"https:\/\/astd.ville-dinard.fr\/?page_id=379\" \/>\n<meta property=\"og:site_name\" content=\"ASTD - AMICALE SOCIALE DES TERRITORIAUX DINARD\" \/>\n<meta property=\"article:modified_time\" content=\"2024-07-02T09:39:15+00:00\" \/>\n<meta name=\"twitter:card\" content=\"summary_large_image\" \/>\n<script type=\"application\/ld+json\" class=\"yoast-schema-graph\">{\"@context\":\"https:\/\/schema.org\",\"@graph\":[{\"@type\":\"WebSite\",\"@id\":\"https:\/\/astd.ville-dinard.fr\/#website\",\"url\":\"https:\/\/astd.ville-dinard.fr\/\",\"name\":\"ASTD - AMICALE SOCIALE DES TERRITORIAUX DINARD\",\"description\":\"T\u00e9l :  02.99.46.91.41 \",\"potentialAction\":[{\"@type\":\"SearchAction\",\"target\":{\"@type\":\"EntryPoint\",\"urlTemplate\":\"https:\/\/astd.ville-dinard.fr\/?s={search_term_string}\"},\"query-input\":\"required name=search_term_string\"}],\"inLanguage\":\"fr-FR\"},{\"@type\":\"WebPage\",\"@id\":\"https:\/\/astd.ville-dinard.fr\/?page_id=379#webpage\",\"url\":\"https:\/\/astd.ville-dinard.fr\/?page_id=379\",\"name\":\"PAPETERIE\/FOURNITURES SCOLAIRES - ASTD - AMICALE SOCIALE DES TERRITORIAUX DINARD\",\"isPartOf\":{\"@id\":\"https:\/\/astd.ville-dinard.fr\/#website\"},\"datePublished\":\"2024-07-02T09:25:11+00:00\",\"dateModified\":\"2024-07-02T09:39:15+00:00\",\"breadcrumb\":{\"@id\":\"https:\/\/astd.ville-dinard.fr\/?page_id=379#breadcrumb\"},\"inLanguage\":\"fr-FR\",\"potentialAction\":[{\"@type\":\"ReadAction\",\"target\":[\"https:\/\/astd.ville-dinard.fr\/?page_id=379\"]}]},{\"@type\":\"BreadcrumbList\",\"@id\":\"https:\/\/astd.ville-dinard.fr\/?page_id=379#breadcrumb\",\"itemListElement\":[{\"@type\":\"ListItem\",\"position\":1,\"name\":\"Accueil\",\"item\":\"https:\/\/astd.ville-dinard.fr\/\"},{\"@type\":\"ListItem\",\"position\":2,\"name\":\"PAPETERIE\/FOURNITURES SCOLAIRES\"}]}]}<\/script>\n<!-- \/ Yoast SEO plugin. -->","yoast_head_json":{"robots":{"index":"index","follow":"follow","max-snippet":"max-snippet:-1","max-image-preview":"max-image-preview:large","max-video-preview":"max-video-preview:-1"},"canonical":"https:\/\/astd.ville-dinard.fr\/?page_id=379","og_locale":"fr_FR","og_type":"article","og_title":"PAPETERIE\/FOURNITURES SCOLAIRES - ASTD - AMICALE SOCIALE DES TERRITORIAUX DINARD","og_description":"Je vous propose de b\u00e9n\u00e9ficier de 10% de remise sur vos achats de papeterie, pour vos enfants, pour vous-m\u00eame \u00e9galement. Code \u00e0 votre disposition au bureau ou dans vos mailings \ud83d\ude42 Allez sur le site : https:\/\/emarentree.fr\/","og_url":"https:\/\/astd.ville-dinard.fr\/?page_id=379","og_site_name":"ASTD - AMICALE SOCIALE DES TERRITORIAUX DINARD","article_modified_time":"2024-07-02T09:39:15+00:00","twitter_card":"summary_large_image","schema":{"@context":"https:\/\/schema.org","@graph":[{"@type":"WebSite","@id":"https:\/\/astd.ville-dinard.fr\/#website","url":"https:\/\/astd.ville-dinard.fr\/","name":"ASTD - AMICALE SOCIALE DES TERRITORIAUX DINARD","description":"T\u00e9l :  02.99.46.91.41 ","potentialAction":[{"@type":"SearchAction","target":{"@type":"EntryPoint","urlTemplate":"https:\/\/astd.ville-dinard.fr\/?s={search_term_string}"},"query-input":"required name=search_term_string"}],"inLanguage":"fr-FR"},{"@type":"WebPage","@id":"https:\/\/astd.ville-dinard.fr\/?page_id=379#webpage","url":"https:\/\/astd.ville-dinard.fr\/?page_id=379","name":"PAPETERIE\/FOURNITURES SCOLAIRES - ASTD - AMICALE SOCIALE DES TERRITORIAUX DINARD","isPartOf":{"@id":"https:\/\/astd.ville-dinard.fr\/#website"},"datePublished":"2024-07-02T09:25:11+00:00","dateModified":"2024-07-02T09:39:15+00:00","breadcrumb":{"@id":"https:\/\/astd.ville-dinard.fr\/?page_id=379#breadcrumb"},"inLanguage":"fr-FR","potentialAction":[{"@type":"ReadAction","target":["https:\/\/astd.ville-dinard.fr\/?page_id=379"]}]},{"@type":"BreadcrumbList","@id":"https:\/\/astd.ville-dinard.fr\/?page_id=379#breadcrumb","itemListElement":[{"@type":"ListItem","position":1,"name":"Accueil","item":"https:\/\/astd.ville-dinard.fr\/"},{"@type":"ListItem","position":2,"name":"PAPETERIE\/FOURNITURES SCOLAIRES"}]}]}},"_links":{"self":[{"href":"https:\/\/astd.ville-dinard.fr\/index.php?rest_route=\/wp\/v2\/pages\/379","targetHints":{"allow":["GET"]}}],"collection":[{"href":"https:\/\/astd.ville-dinard.fr\/index.php?rest_route=\/wp\/v2\/pages"}],"about":[{"href":"https:\/\/astd.ville-dinard.fr\/index.php?rest_route=\/wp\/v2\/types\/page"}],"author":[{"embeddable":true,"href":"https:\/\/astd.ville-dinard.fr\/index.php?rest_route=\/wp\/v2\/users\/1"}],"replies":[{"embeddable":true,"href":"https:\/\/astd.ville-dinard.fr\/index.php?rest_route=%2Fwp%2Fv2%2Fcomments&post=379"}],"version-history":[{"count":4,"href":"https:\/\/astd.ville-dinard.fr\/index.php?rest_route=\/wp\/v2\/pages\/379\/revisions"}],"predecessor-version":[{"id":390,"href":"https:\/\/astd.ville-dinard.fr\/index.php?rest_route=\/wp\/v2\/pages\/379\/revisions\/390"}],"wp:attachment":[{"href":"https:\/\/astd.ville-dinard.fr\/index.php?rest_route=%2Fwp%2Fv2%2Fmedia&parent=379"}],"curies":[{"name":"wp","href":"https:\/\/api.w.org\/{rel}","templated":true}]}}