{"id":33,"date":"2022-04-02T13:58:17","date_gmt":"2022-04-02T13:58:17","guid":{"rendered":"https:\/\/astd.ville-dinard.fr\/?page_id=33"},"modified":"2025-08-25T09:37:08","modified_gmt":"2025-08-25T09:37:08","slug":"33-2","status":"publish","type":"page","link":"https:\/\/astd.ville-dinard.fr\/?page_id=33","title":{"rendered":"BILLETTERIE"},"content":{"rendered":"\n<p><strong><mark style=\"background-color:rgba(0, 0, 0, 0)\" class=\"has-inline-color has-blue-color\">Voici vos avantages en tant qu&rsquo;adh\u00e9rent \u00e0 l&rsquo;ASTD, pour les codes promotionnels, les r\u00e9ductions vous devez passer au bureau pour les avoir<\/mark><\/strong>\ud83d\ude42<\/p>\n\n\n\n<blockquote class=\"wp-block-quote has-text-align-left is-layout-flow wp-block-quote-is-layout-flow\">\n<p><\/p>\n<\/blockquote>\n\n\n\n<div class=\"wp-block-columns is-layout-flex wp-container-core-columns-is-layout-9d6595d7 wp-block-columns-is-layout-flex\">\n<div class=\"wp-block-column is-layout-flow wp-block-column-is-layout-flow\" style=\"flex-basis:100%\">\n<blockquote class=\"wp-block-quote is-layout-flow wp-block-quote-is-layout-flow\">\n<p><strong><a href=\"https:\/\/larichardais.emeraude-cinemas.fr\/#\/\">Cin\u00e9ma<\/a> (d\u00e9p\u00f4t vente au bureau)<\/strong><\/p>\n\n\n\n<p><strong><a href=\"https:\/\/www.ville-dinard.fr\/contacts\/piscine-2\/\">Piscine de Dinard<\/a> (d\u00e9p\u00f4t vente au bureau)<\/strong><\/p>\n\n\n\n<p><strong><a href=\"https:\/\/aquamalo.fr\/\">Aquamalo<\/a> (sur commande)<\/strong><\/p>\n\n\n\n<p><strong><a href=\"https:\/\/www.westparc.fr\/\">West Park<\/a> (sur commande)<\/strong><\/p>\n\n\n\n<p><strong><a href=\"https:\/\/www.grevin-paris.com\/\">Mus\u00e9e Gr\u00e9vin<\/a> (plateforme Emile&rsquo;s)<\/strong><\/p>\n\n\n\n<p><strong><a href=\"https:\/\/www.aquarium-st-malo.com\/\">Aquarium de Saint Malo<\/a> (<strong>plateforme Emile&rsquo;s<\/strong>)<\/strong><\/p>\n\n\n\n<p><strong><a href=\"https:\/\/www.oceanopolis.com\/\">Oc\u00e9anopolis \u00e0 Brest<\/a> (<strong>plateforme Emile&rsquo;s<\/strong>)<\/strong><\/p>\n\n\n\n<p><strong><a href=\"https:\/\/www.laminebleue.com\/fr\/\">La Mine bleue<\/a> (<strong>plateforme Emile&rsquo;s<\/strong>)<\/strong><\/p>\n\n\n\n<p><strong><a href=\"https:\/\/www.vulcania.com\/\">Vulcania en Auvergne <\/a><\/strong> <strong>(<strong>plateforme Emile&rsquo;s<\/strong>)<\/strong><\/p>\n\n\n\n<p><strong><a href=\"https:\/\/www.aquatonic.fr\/saint-malo\/\">Thermes de Saint Malo<\/a> \u00a0\u00bb parcours aquatique\u00a0\u00bb (sur commande)<\/strong><\/p>\n\n\n\n<p><strong><a href=\"https:\/\/www.disneylandparis.com\/fr-fr\/\">Disney<\/a> ( <strong>plateforme Emile&rsquo;s<\/strong>)<\/strong><\/p>\n\n\n\n<p><strong><a href=\"https:\/\/www.puydufou.com\/\">Puy du fou<\/a> (<strong>plateforme Emile&rsquo;s<\/strong>)<\/strong><\/p>\n\n\n\n<p><strong><a href=\"https:\/\/www.futuroscope.com\/fr\/\">Futuroscope<\/a>  (<strong>plateforme Emile&rsquo;s<\/strong>)<\/strong><\/p>\n\n\n\n<p><strong><a href=\"https:\/\/www.parcasterix.fr\/\">Asterix<\/a>  (<strong>plateforme Emile&rsquo;s<\/strong>)<\/strong><\/p>\n\n\n\n<p><strong><a href=\"https:\/\/kingoland.com\/\">Kingoland<\/a> (<strong>plateforme Emile&rsquo;s<\/strong>)<\/strong><\/p>\n\n\n\n<p><strong><a href=\"https:\/\/www.franceminiature.fr\/fr\">France miniature<\/a>  (<strong>plateforme Emile&rsquo;s<\/strong>)<\/strong><\/p>\n\n\n\n<p><strong><a href=\"https:\/\/www.chaplinsworld.com\/\">Chaplin&rsquo;s word<\/a> (<strong>plateforme Emile&rsquo;s<\/strong> )<\/strong><\/p>\n\n\n\n<p><strong><a href=\"https:\/\/www.walibi.fr\/fr\">Walibi<\/a>  (<strong>plateforme Emile&rsquo;s<\/strong>)<\/strong><\/p>\n\n\n\n<p><strong><a href=\"https:\/\/www.angemichel.com\/\">Parc Ange Michel<\/a>   (<strong>plateforme Emile&rsquo;s<\/strong>)<\/strong><\/p>\n\n\n\n<p><strong><a href=\"https:\/\/www.cobac-parc.com\/\">Coba parc<\/a> ( <strong>plateforme Emile&rsquo;<\/strong>s)<\/strong><\/p>\n\n\n\n<p><strong><a href=\"https:\/\/www.cobac-parc.com\/\">Coba parc + aquafun<\/a> ( <strong>plateforme Emile&rsquo;s<\/strong>)<\/strong><\/p>\n\n\n\n<p><strong><a href=\"https:\/\/www.zoobeauval.com\/\">Zoo de Beauval<\/a> ( <strong>plateforme Emile&rsquo;s<\/strong>) <\/strong><\/p>\n\n\n\n<p><strong><a href=\"https:\/\/shop.branfere.com\/billets\/cse\">Zoo de Branf\u00e9r\u00e9 <\/a><\/strong> <strong>( <strong>plateforme Emile&rsquo;s<\/strong>)<\/strong><\/p>\n\n\n\n<p><strong><a href=\"https:\/\/www.zoo-la-fleche.com\/\">Zoo de la Fl\u00e8che<\/a> ( <strong>plateforme Emile&rsquo;s<\/strong>)<\/strong><\/p>\n\n\n\n<p><strong><a href=\"https:\/\/www.labourbansais.com\/\">Zoo de la Bourbansais<\/a><\/strong> <strong>(<strong>plateforme Emile&rsquo;s<\/strong>)<\/strong><\/p>\n\n\n\n<p><strong><a href=\"https:\/\/www.terrabotanica.fr\/\">Terra Botanica<\/a>  (<strong>plateforme Emile&rsquo;s<\/strong>)<\/strong><\/p>\n\n\n\n<p><strong><a href=\"https:\/\/www.lesterresdenatae.fr\/\">Les Terres de Natae<\/a> ( <strong>plateforme Emile&rsquo;s<\/strong>)<\/strong><\/p>\n\n\n\n<p><strong><a href=\"https:\/\/www.planetesauvage.com\/\">Plan\u00e8te sauvage<\/a> (<strong>plateforme Emile&rsquo;s<\/strong>)<\/strong><\/p>\n\n\n\n<p><strong><a href=\"https:\/\/www.bioparc-zoo.fr\/\">Bioparc<\/a><\/strong> <strong>( <strong>plateforme Emile&rsquo;s<\/strong>)<\/strong><\/p>\n\n\n\n<p><strong><a href=\"https:\/\/www.nigloland.fr\/\">Parc d&rsquo;attraction Nigloland<\/a><\/strong> <strong>(<strong> <strong>plateforme Emile&rsquo;s<\/strong><\/strong>)<\/strong><\/p>\n\n\n\n<p><strong><a href=\"https:\/\/www.foretadrenaline.com\/saint-pere\/\">Parc corsaire aventure<\/a><\/strong> <strong>(billetterie individuelle en ligne au bureau)<\/strong><\/p>\n<cite><a href=\"https:\/\/www.nausicaa.fr\/\">Nausicaa<\/a> ( Grand aquarium \u00e0 Boulogne sur Mer\/ <strong> <strong>plateforme Emile&rsquo;s<\/strong><\/strong>)<br><br> <a href=\"https:\/\/www.cerza.com\/\">Zoo de Cerza<\/a> (<strong> <strong>plateforme Emile&rsquo;s<\/strong><\/strong>)<\/cite><\/blockquote>\n\n\n\n<p class=\"has-text-align-left\">             <strong><a href=\"http:\/\/www.zoo-palmyre.fr\/\">Zoo de la Palmyre <\/a>(<strong> <strong>plateforme Emile&rsquo;s<\/strong><\/strong>)<\/strong><\/p>\n\n\n\n<p class=\"has-text-align-center\"><strong><a href=\"https:\/\/www.lesmachines-nantes.fr\/\">Machines de l&rsquo;\u00eele \u00e0 Nantes<\/a><\/strong> <strong>(billetterie individuelle en ligne au bureau)<\/strong><\/p>\n\n\n\n<p><\/p>\n<\/div>\n<\/div>\n\n\n\n<p><\/p>\n","protected":false},"excerpt":{"rendered":"<p>Voici vos avantages en tant qu&rsquo;adh\u00e9rent \u00e0 l&rsquo;ASTD, pour les codes promotionnels, les r\u00e9ductions vous devez passer au bureau pour les avoir\ud83d\ude42 Cin\u00e9ma (d\u00e9p\u00f4t vente au bureau) Piscine de Dinard (d\u00e9p\u00f4t vente au bureau) Aquamalo (sur commande) West Park (sur &hellip; <a href=\"https:\/\/astd.ville-dinard.fr\/?page_id=33\">Continuer la lecture <span class=\"meta-nav\">&rarr;<\/span><\/a><\/p>\n","protected":false},"author":1,"featured_media":0,"parent":0,"menu_order":0,"comment_status":"closed","ping_status":"closed","template":"","meta":{"footnotes":""},"class_list":["post-33","page","type-page","status-publish","hentry"],"yoast_head":"<!-- This site is optimized with the Yoast SEO plugin v18.1 - https:\/\/yoast.com\/wordpress\/plugins\/seo\/ -->\n<meta name=\"robots\" content=\"index, follow, max-snippet:-1, max-image-preview:large, max-video-preview:-1\" \/>\n<link rel=\"canonical\" href=\"https:\/\/astd.ville-dinard.fr\/?page_id=33\" \/>\n<meta property=\"og:locale\" content=\"fr_FR\" \/>\n<meta property=\"og:type\" content=\"article\" \/>\n<meta property=\"og:title\" content=\"BILLETTERIE - ASTD - AMICALE SOCIALE DES TERRITORIAUX DINARD\" \/>\n<meta property=\"og:description\" content=\"Voici vos avantages en tant qu&rsquo;adh\u00e9rent \u00e0 l&rsquo;ASTD, pour les codes promotionnels, les r\u00e9ductions vous devez passer au bureau pour les avoir\ud83d\ude42 Cin\u00e9ma (d\u00e9p\u00f4t vente au bureau) Piscine de Dinard (d\u00e9p\u00f4t vente au bureau) Aquamalo (sur commande) West Park (sur &hellip; Continuer la lecture &rarr;\" \/>\n<meta property=\"og:url\" content=\"https:\/\/astd.ville-dinard.fr\/?page_id=33\" \/>\n<meta property=\"og:site_name\" content=\"ASTD - AMICALE SOCIALE DES TERRITORIAUX DINARD\" \/>\n<meta property=\"article:modified_time\" content=\"2025-08-25T09:37:08+00:00\" \/>\n<meta name=\"twitter:card\" content=\"summary_large_image\" \/>\n<meta name=\"twitter:label1\" content=\"Dur\u00e9e de lecture estim\u00e9e\" \/>\n\t<meta name=\"twitter:data1\" content=\"2 minutes\" \/>\n<script type=\"application\/ld+json\" class=\"yoast-schema-graph\">{\"@context\":\"https:\/\/schema.org\",\"@graph\":[{\"@type\":\"WebSite\",\"@id\":\"https:\/\/astd.ville-dinard.fr\/#website\",\"url\":\"https:\/\/astd.ville-dinard.fr\/\",\"name\":\"ASTD - AMICALE SOCIALE DES TERRITORIAUX DINARD\",\"description\":\"T\u00e9l :  02.99.46.91.41 \",\"potentialAction\":[{\"@type\":\"SearchAction\",\"target\":{\"@type\":\"EntryPoint\",\"urlTemplate\":\"https:\/\/astd.ville-dinard.fr\/?s={search_term_string}\"},\"query-input\":\"required name=search_term_string\"}],\"inLanguage\":\"fr-FR\"},{\"@type\":\"WebPage\",\"@id\":\"https:\/\/astd.ville-dinard.fr\/?page_id=33#webpage\",\"url\":\"https:\/\/astd.ville-dinard.fr\/?page_id=33\",\"name\":\"BILLETTERIE - ASTD - AMICALE SOCIALE DES TERRITORIAUX DINARD\",\"isPartOf\":{\"@id\":\"https:\/\/astd.ville-dinard.fr\/#website\"},\"datePublished\":\"2022-04-02T13:58:17+00:00\",\"dateModified\":\"2025-08-25T09:37:08+00:00\",\"breadcrumb\":{\"@id\":\"https:\/\/astd.ville-dinard.fr\/?page_id=33#breadcrumb\"},\"inLanguage\":\"fr-FR\",\"potentialAction\":[{\"@type\":\"ReadAction\",\"target\":[\"https:\/\/astd.ville-dinard.fr\/?page_id=33\"]}]},{\"@type\":\"BreadcrumbList\",\"@id\":\"https:\/\/astd.ville-dinard.fr\/?page_id=33#breadcrumb\",\"itemListElement\":[{\"@type\":\"ListItem\",\"position\":1,\"name\":\"Accueil\",\"item\":\"https:\/\/astd.ville-dinard.fr\/\"},{\"@type\":\"ListItem\",\"position\":2,\"name\":\"BILLETTERIE\"}]}]}<\/script>\n<!-- \/ Yoast SEO plugin. -->","yoast_head_json":{"robots":{"index":"index","follow":"follow","max-snippet":"max-snippet:-1","max-image-preview":"max-image-preview:large","max-video-preview":"max-video-preview:-1"},"canonical":"https:\/\/astd.ville-dinard.fr\/?page_id=33","og_locale":"fr_FR","og_type":"article","og_title":"BILLETTERIE - ASTD - AMICALE SOCIALE DES TERRITORIAUX DINARD","og_description":"Voici vos avantages en tant qu&rsquo;adh\u00e9rent \u00e0 l&rsquo;ASTD, pour les codes promotionnels, les r\u00e9ductions vous devez passer au bureau pour les avoir\ud83d\ude42 Cin\u00e9ma (d\u00e9p\u00f4t vente au bureau) Piscine de Dinard (d\u00e9p\u00f4t vente au bureau) Aquamalo (sur commande) West Park (sur &hellip; Continuer la lecture &rarr;","og_url":"https:\/\/astd.ville-dinard.fr\/?page_id=33","og_site_name":"ASTD - AMICALE SOCIALE DES TERRITORIAUX DINARD","article_modified_time":"2025-08-25T09:37:08+00:00","twitter_card":"summary_large_image","twitter_misc":{"Dur\u00e9e de lecture estim\u00e9e":"2 minutes"},"schema":{"@context":"https:\/\/schema.org","@graph":[{"@type":"WebSite","@id":"https:\/\/astd.ville-dinard.fr\/#website","url":"https:\/\/astd.ville-dinard.fr\/","name":"ASTD - AMICALE SOCIALE DES TERRITORIAUX DINARD","description":"T\u00e9l :  02.99.46.91.41 ","potentialAction":[{"@type":"SearchAction","target":{"@type":"EntryPoint","urlTemplate":"https:\/\/astd.ville-dinard.fr\/?s={search_term_string}"},"query-input":"required name=search_term_string"}],"inLanguage":"fr-FR"},{"@type":"WebPage","@id":"https:\/\/astd.ville-dinard.fr\/?page_id=33#webpage","url":"https:\/\/astd.ville-dinard.fr\/?page_id=33","name":"BILLETTERIE - ASTD - AMICALE SOCIALE DES TERRITORIAUX DINARD","isPartOf":{"@id":"https:\/\/astd.ville-dinard.fr\/#website"},"datePublished":"2022-04-02T13:58:17+00:00","dateModified":"2025-08-25T09:37:08+00:00","breadcrumb":{"@id":"https:\/\/astd.ville-dinard.fr\/?page_id=33#breadcrumb"},"inLanguage":"fr-FR","potentialAction":[{"@type":"ReadAction","target":["https:\/\/astd.ville-dinard.fr\/?page_id=33"]}]},{"@type":"BreadcrumbList","@id":"https:\/\/astd.ville-dinard.fr\/?page_id=33#breadcrumb","itemListElement":[{"@type":"ListItem","position":1,"name":"Accueil","item":"https:\/\/astd.ville-dinard.fr\/"},{"@type":"ListItem","position":2,"name":"BILLETTERIE"}]}]}},"_links":{"self":[{"href":"https:\/\/astd.ville-dinard.fr\/index.php?rest_route=\/wp\/v2\/pages\/33","targetHints":{"allow":["GET"]}}],"collection":[{"href":"https:\/\/astd.ville-dinard.fr\/index.php?rest_route=\/wp\/v2\/pages"}],"about":[{"href":"https:\/\/astd.ville-dinard.fr\/index.php?rest_route=\/wp\/v2\/types\/page"}],"author":[{"embeddable":true,"href":"https:\/\/astd.ville-dinard.fr\/index.php?rest_route=\/wp\/v2\/users\/1"}],"replies":[{"embeddable":true,"href":"https:\/\/astd.ville-dinard.fr\/index.php?rest_route=%2Fwp%2Fv2%2Fcomments&post=33"}],"version-history":[{"count":32,"href":"https:\/\/astd.ville-dinard.fr\/index.php?rest_route=\/wp\/v2\/pages\/33\/revisions"}],"predecessor-version":[{"id":426,"href":"https:\/\/astd.ville-dinard.fr\/index.php?rest_route=\/wp\/v2\/pages\/33\/revisions\/426"}],"wp:attachment":[{"href":"https:\/\/astd.ville-dinard.fr\/index.php?rest_route=%2Fwp%2Fv2%2Fmedia&parent=33"}],"curies":[{"name":"wp","href":"https:\/\/api.w.org\/{rel}","templated":true}]}}