{"id":164,"date":"2022-04-27T12:23:05","date_gmt":"2022-04-27T12:23:05","guid":{"rendered":"https:\/\/astd.ville-dinard.fr\/?page_id=164"},"modified":"2025-07-08T13:07:49","modified_gmt":"2025-07-08T13:07:49","slug":"partenariat","status":"publish","type":"page","link":"https:\/\/astd.ville-dinard.fr\/?page_id=164","title":{"rendered":"PARTENARIATS"},"content":{"rendered":"\n<blockquote class=\"wp-block-quote is-layout-flow wp-block-quote-is-layout-flow\">\n<p><mark style=\"background-color:rgba(0, 0, 0, 0)\" class=\"has-inline-color has-blue-color\">Au fur et \u00e0 mesure d&rsquo;autres partenariats seront rajout\u00e9s, il faut par contre pr\u00e9senter sa carte de l&rsquo;ASTD ou un CODE  sinon vous n &lsquo;aurez pas droit \u00e0 vos avantages.<\/mark><\/p>\n<\/blockquote>\n\n\n\n<figure class=\"wp-block-pullquote\"><blockquote><p><a href=\"https:\/\/fromagerie-bleu-et-creme.fr\/\">La fromagerie bleu &amp; Cr\u00e8me<\/a> (-10% ) <br><a href=\"https:\/\/www.pointedepenmarch.com\/\">La maison de la sardine<\/a> ( 30\u20ac d&rsquo;achat, 1 bo\u00eete de sardine offerte)<br>La craquanterie ( 30\u20ac d&rsquo;achat, 1 croquant offert)<br><a href=\"https:\/\/www.dominos.fr\/magasin\/dinard_35800?utm_source=Google&amp;utm_medium=local&amp;utm_campaign=yext&amp;utm_content=32166\">Domino&rsquo;s pizza<\/a> Pizza large \u00e0 8\u20ac \u00e0 emporter toute l&rsquo;ann\u00e9e 7\/7, midi et soir.<br><a href=\"https:\/\/www.boutique.monbana.com\/\">Chocolaterie MONBANA<\/a> ( &#8211; 10% sur toute la boutique, hors promotions et rayon drag\u00e9es)<br><a href=\"https:\/\/shop.cafes-celtik.fr\/\">Caf\u00e9s Celtik<\/a> (-10% sur les caf\u00e9s et &#8211; 5% sur les th\u00e9s)<br><a href=\"https:\/\/fermedelapaumerais.fr\/\">La ferme de la paumerais<\/a> (- 10% sur la commande)<br><a href=\"https:\/\/emeraude-crossfit.fr\/\">Emeraude Crossfit<\/a> ( -10% sur abonnement et -50% sur frais d&rsquo;inscription) demander code \u00e0 Marie<br><a href=\"http:\/\/www.windschool.fr\" data-type=\"link\" data-id=\"www.windschool.fr\">Windschool<\/a> ( &#8211; 30% locations kayaks ou paddle)<br><a href=\"https:\/\/glazpadel.fr\/\">Glazpadel<\/a> (-10% sur location valable de 9h \u00e0 17h en semaine)<br><a href=\"http:\/\/www.dinard.sensations.tractees.fr\">Dinard sensations tract\u00e9es <\/a>( 1 heure 22\u20ac au lieu de 28\u20ac) demander code \u00e0 Marie <br><br><br><br><\/p><\/blockquote><\/figure>\n\n\n\n<p><\/p>\n","protected":false},"excerpt":{"rendered":"<p>Au fur et \u00e0 mesure d&rsquo;autres partenariats seront rajout\u00e9s, il faut par contre pr\u00e9senter sa carte de l&rsquo;ASTD ou un CODE sinon vous n &lsquo;aurez pas droit \u00e0 vos avantages. La fromagerie bleu &amp; Cr\u00e8me (-10% ) La maison de &hellip; <a href=\"https:\/\/astd.ville-dinard.fr\/?page_id=164\">Continuer la lecture <span class=\"meta-nav\">&rarr;<\/span><\/a><\/p>\n","protected":false},"author":1,"featured_media":0,"parent":0,"menu_order":0,"comment_status":"closed","ping_status":"closed","template":"","meta":{"footnotes":""},"class_list":["post-164","page","type-page","status-publish","hentry"],"yoast_head":"<!-- This site is optimized with the Yoast SEO plugin v18.1 - https:\/\/yoast.com\/wordpress\/plugins\/seo\/ -->\n<meta name=\"robots\" content=\"index, follow, max-snippet:-1, max-image-preview:large, max-video-preview:-1\" \/>\n<link rel=\"canonical\" href=\"https:\/\/astd.ville-dinard.fr\/?page_id=164\" \/>\n<meta property=\"og:locale\" content=\"fr_FR\" \/>\n<meta property=\"og:type\" content=\"article\" \/>\n<meta property=\"og:title\" content=\"PARTENARIATS - ASTD - AMICALE SOCIALE DES TERRITORIAUX DINARD\" \/>\n<meta property=\"og:description\" content=\"Au fur et \u00e0 mesure d&rsquo;autres partenariats seront rajout\u00e9s, il faut par contre pr\u00e9senter sa carte de l&rsquo;ASTD ou un CODE sinon vous n &lsquo;aurez pas droit \u00e0 vos avantages. La fromagerie bleu &amp; Cr\u00e8me (-10% ) La maison de &hellip; Continuer la lecture &rarr;\" \/>\n<meta property=\"og:url\" content=\"https:\/\/astd.ville-dinard.fr\/?page_id=164\" \/>\n<meta property=\"og:site_name\" content=\"ASTD - AMICALE SOCIALE DES TERRITORIAUX DINARD\" \/>\n<meta property=\"article:modified_time\" content=\"2025-07-08T13:07:49+00:00\" \/>\n<meta name=\"twitter:card\" content=\"summary_large_image\" \/>\n<meta name=\"twitter:label1\" content=\"Dur\u00e9e de lecture estim\u00e9e\" \/>\n\t<meta name=\"twitter:data1\" content=\"1 minute\" \/>\n<script type=\"application\/ld+json\" class=\"yoast-schema-graph\">{\"@context\":\"https:\/\/schema.org\",\"@graph\":[{\"@type\":\"WebSite\",\"@id\":\"https:\/\/astd.ville-dinard.fr\/#website\",\"url\":\"https:\/\/astd.ville-dinard.fr\/\",\"name\":\"ASTD - AMICALE SOCIALE DES TERRITORIAUX DINARD\",\"description\":\"T\u00e9l :  02.99.46.91.41 \",\"potentialAction\":[{\"@type\":\"SearchAction\",\"target\":{\"@type\":\"EntryPoint\",\"urlTemplate\":\"https:\/\/astd.ville-dinard.fr\/?s={search_term_string}\"},\"query-input\":\"required name=search_term_string\"}],\"inLanguage\":\"fr-FR\"},{\"@type\":\"WebPage\",\"@id\":\"https:\/\/astd.ville-dinard.fr\/?page_id=164#webpage\",\"url\":\"https:\/\/astd.ville-dinard.fr\/?page_id=164\",\"name\":\"PARTENARIATS - ASTD - AMICALE SOCIALE DES TERRITORIAUX DINARD\",\"isPartOf\":{\"@id\":\"https:\/\/astd.ville-dinard.fr\/#website\"},\"datePublished\":\"2022-04-27T12:23:05+00:00\",\"dateModified\":\"2025-07-08T13:07:49+00:00\",\"breadcrumb\":{\"@id\":\"https:\/\/astd.ville-dinard.fr\/?page_id=164#breadcrumb\"},\"inLanguage\":\"fr-FR\",\"potentialAction\":[{\"@type\":\"ReadAction\",\"target\":[\"https:\/\/astd.ville-dinard.fr\/?page_id=164\"]}]},{\"@type\":\"BreadcrumbList\",\"@id\":\"https:\/\/astd.ville-dinard.fr\/?page_id=164#breadcrumb\",\"itemListElement\":[{\"@type\":\"ListItem\",\"position\":1,\"name\":\"Accueil\",\"item\":\"https:\/\/astd.ville-dinard.fr\/\"},{\"@type\":\"ListItem\",\"position\":2,\"name\":\"PARTENARIATS\"}]}]}<\/script>\n<!-- \/ Yoast SEO plugin. -->","yoast_head_json":{"robots":{"index":"index","follow":"follow","max-snippet":"max-snippet:-1","max-image-preview":"max-image-preview:large","max-video-preview":"max-video-preview:-1"},"canonical":"https:\/\/astd.ville-dinard.fr\/?page_id=164","og_locale":"fr_FR","og_type":"article","og_title":"PARTENARIATS - ASTD - AMICALE SOCIALE DES TERRITORIAUX DINARD","og_description":"Au fur et \u00e0 mesure d&rsquo;autres partenariats seront rajout\u00e9s, il faut par contre pr\u00e9senter sa carte de l&rsquo;ASTD ou un CODE sinon vous n &lsquo;aurez pas droit \u00e0 vos avantages. La fromagerie bleu &amp; Cr\u00e8me (-10% ) La maison de &hellip; Continuer la lecture &rarr;","og_url":"https:\/\/astd.ville-dinard.fr\/?page_id=164","og_site_name":"ASTD - AMICALE SOCIALE DES TERRITORIAUX DINARD","article_modified_time":"2025-07-08T13:07:49+00:00","twitter_card":"summary_large_image","twitter_misc":{"Dur\u00e9e de lecture estim\u00e9e":"1 minute"},"schema":{"@context":"https:\/\/schema.org","@graph":[{"@type":"WebSite","@id":"https:\/\/astd.ville-dinard.fr\/#website","url":"https:\/\/astd.ville-dinard.fr\/","name":"ASTD - AMICALE SOCIALE DES TERRITORIAUX DINARD","description":"T\u00e9l :  02.99.46.91.41 ","potentialAction":[{"@type":"SearchAction","target":{"@type":"EntryPoint","urlTemplate":"https:\/\/astd.ville-dinard.fr\/?s={search_term_string}"},"query-input":"required name=search_term_string"}],"inLanguage":"fr-FR"},{"@type":"WebPage","@id":"https:\/\/astd.ville-dinard.fr\/?page_id=164#webpage","url":"https:\/\/astd.ville-dinard.fr\/?page_id=164","name":"PARTENARIATS - ASTD - AMICALE SOCIALE DES TERRITORIAUX DINARD","isPartOf":{"@id":"https:\/\/astd.ville-dinard.fr\/#website"},"datePublished":"2022-04-27T12:23:05+00:00","dateModified":"2025-07-08T13:07:49+00:00","breadcrumb":{"@id":"https:\/\/astd.ville-dinard.fr\/?page_id=164#breadcrumb"},"inLanguage":"fr-FR","potentialAction":[{"@type":"ReadAction","target":["https:\/\/astd.ville-dinard.fr\/?page_id=164"]}]},{"@type":"BreadcrumbList","@id":"https:\/\/astd.ville-dinard.fr\/?page_id=164#breadcrumb","itemListElement":[{"@type":"ListItem","position":1,"name":"Accueil","item":"https:\/\/astd.ville-dinard.fr\/"},{"@type":"ListItem","position":2,"name":"PARTENARIATS"}]}]}},"_links":{"self":[{"href":"https:\/\/astd.ville-dinard.fr\/index.php?rest_route=\/wp\/v2\/pages\/164","targetHints":{"allow":["GET"]}}],"collection":[{"href":"https:\/\/astd.ville-dinard.fr\/index.php?rest_route=\/wp\/v2\/pages"}],"about":[{"href":"https:\/\/astd.ville-dinard.fr\/index.php?rest_route=\/wp\/v2\/types\/page"}],"author":[{"embeddable":true,"href":"https:\/\/astd.ville-dinard.fr\/index.php?rest_route=\/wp\/v2\/users\/1"}],"replies":[{"embeddable":true,"href":"https:\/\/astd.ville-dinard.fr\/index.php?rest_route=%2Fwp%2Fv2%2Fcomments&post=164"}],"version-history":[{"count":16,"href":"https:\/\/astd.ville-dinard.fr\/index.php?rest_route=\/wp\/v2\/pages\/164\/revisions"}],"predecessor-version":[{"id":410,"href":"https:\/\/astd.ville-dinard.fr\/index.php?rest_route=\/wp\/v2\/pages\/164\/revisions\/410"}],"wp:attachment":[{"href":"https:\/\/astd.ville-dinard.fr\/index.php?rest_route=%2Fwp%2Fv2%2Fmedia&parent=164"}],"curies":[{"name":"wp","href":"https:\/\/api.w.org\/{rel}","templated":true}]}}