{"id":139,"date":"2022-04-20T12:21:35","date_gmt":"2022-04-20T12:21:35","guid":{"rendered":"https:\/\/astd.ville-dinard.fr\/?page_id=139"},"modified":"2022-05-05T19:42:04","modified_gmt":"2022-05-05T19:42:04","slug":"politique-de-confidentialite","status":"publish","type":"page","link":"https:\/\/astd.ville-dinard.fr\/?page_id=139","title":{"rendered":"Politique de confidentialit\u00e9 et mentions l\u00e9gales"},"content":{"rendered":"\n<h2 class=\"wp-block-heading\"><\/h2>\n\n\n\n<p><strong class=\"privacy-policy-tutorial\"> <\/strong>L\u2019adresse de notre site est&nbsp;: https:\/\/astd.ville-dinard.fr.<\/p>\n\n\n\n<p>Les donn\u00e9es \u00e0 caract\u00e8re personnel collect\u00e9es sur le site de l&rsquo;ASTD sont destin\u00e9es \u00e0 r\u00e9pondre \u00e0 vos demandes ou \u00e0 r\u00e9aliser des analyses statistiques. Elles ne font en aucun cas l\u2019objet de transmission \u00e0 des tiers. Les informations nominatives concernant l\u2019utilisateur sont \u00e0 usage interne de l&rsquo;ASTD.<\/p>\n\n\n\n<p>L\u2019ensemble de ce site rel\u00e8ve des l\u00e9gislations fran\u00e7aise et internationale sur les droits d\u2019auteur et la propri\u00e9t\u00e9 intellectuelle.<br>Tous les droits de reproduction et de repr\u00e9sentation sont r\u00e9serv\u00e9s, y compris pour les documents t\u00e9l\u00e9chargeables et les repr\u00e9sentations iconographiques et photographiques. La reproduction de tout ou partie de ce site sur un support \u00e9lectronique, quel qu\u2019il soit, est formellement interdite, sauf autorisation expresse.<\/p>\n\n\n\n<h1 class=\"wp-block-heading\">&#8230;&#8230;&#8230;&#8230;&#8230;&#8230;&#8230;&#8230;&#8230;&#8230;&#8230;&#8230;&#8230;&#8230;&#8230;&#8230;&#8230;&#8230;&#8230;&#8230;..<\/h1>\n\n\n\n<div class=\"wp-block-columns is-layout-flex wp-container-core-columns-is-layout-9d6595d7 wp-block-columns-is-layout-flex\">\n<div class=\"wp-block-column is-layout-flow wp-block-column-is-layout-flow\" style=\"flex-basis:100%\">\n<ul class=\"wp-block-list\" id=\"block-31a33740-ba04-43ec-90d6-b148ecbbde3b\"><li>Ce site est \u00e9dit\u00e9 par : L&rsquo; ASTD<\/li><li>Adresse :<\/li><li>28 boulevard F\u00e9art<br>35800 DINARD<br>T\u00e9l\u00e9phone : 02.99.46.91.41<\/li><li>Capital social : Association loi 1901<\/li><li>Num\u00e9ro de Siret : 38201836400028<\/li><li>Directrice de la publication : Jean-Michel Gardinier, Pr\u00e9sident de l&rsquo;ASTD<\/li><li>L\u2019association est sp\u00e9cialis\u00e9e dans le secteur d&rsquo;activit\u00e9 des autres organisations fonctionnant par adh\u00e9sion volontaire.<\/li><\/ul>\n<\/div>\n<\/div>\n","protected":false},"excerpt":{"rendered":"<p>L\u2019adresse de notre site est&nbsp;: https:\/\/astd.ville-dinard.fr. Les donn\u00e9es \u00e0 caract\u00e8re personnel collect\u00e9es sur le site de l&rsquo;ASTD sont destin\u00e9es \u00e0 r\u00e9pondre \u00e0 vos demandes ou \u00e0 r\u00e9aliser des analyses statistiques. Elles ne font en aucun cas l\u2019objet de transmission \u00e0 &hellip; <a href=\"https:\/\/astd.ville-dinard.fr\/?page_id=139\">Continuer la lecture <span class=\"meta-nav\">&rarr;<\/span><\/a><\/p>\n","protected":false},"author":1,"featured_media":0,"parent":0,"menu_order":0,"comment_status":"closed","ping_status":"closed","template":"","meta":{"footnotes":""},"class_list":["post-139","page","type-page","status-publish","hentry"],"yoast_head":"<!-- This site is optimized with the Yoast SEO plugin v18.1 - https:\/\/yoast.com\/wordpress\/plugins\/seo\/ -->\n<meta name=\"robots\" content=\"index, follow, max-snippet:-1, max-image-preview:large, max-video-preview:-1\" \/>\n<link rel=\"canonical\" href=\"https:\/\/astd.ville-dinard.fr\/?page_id=139\" \/>\n<meta property=\"og:locale\" content=\"fr_FR\" \/>\n<meta property=\"og:type\" content=\"article\" \/>\n<meta property=\"og:title\" content=\"Politique de confidentialit\u00e9 et mentions l\u00e9gales - ASTD - AMICALE SOCIALE DES TERRITORIAUX DINARD\" \/>\n<meta property=\"og:description\" content=\"L\u2019adresse de notre site est&nbsp;: https:\/\/astd.ville-dinard.fr. Les donn\u00e9es \u00e0 caract\u00e8re personnel collect\u00e9es sur le site de l&rsquo;ASTD sont destin\u00e9es \u00e0 r\u00e9pondre \u00e0 vos demandes ou \u00e0 r\u00e9aliser des analyses statistiques. Elles ne font en aucun cas l\u2019objet de transmission \u00e0 &hellip; Continuer la lecture &rarr;\" \/>\n<meta property=\"og:url\" content=\"https:\/\/astd.ville-dinard.fr\/?page_id=139\" \/>\n<meta property=\"og:site_name\" content=\"ASTD - AMICALE SOCIALE DES TERRITORIAUX DINARD\" \/>\n<meta property=\"article:modified_time\" content=\"2022-05-05T19:42:04+00:00\" \/>\n<meta name=\"twitter:card\" content=\"summary_large_image\" \/>\n<meta name=\"twitter:label1\" content=\"Dur\u00e9e de lecture estim\u00e9e\" \/>\n\t<meta name=\"twitter:data1\" content=\"1 minute\" \/>\n<script type=\"application\/ld+json\" class=\"yoast-schema-graph\">{\"@context\":\"https:\/\/schema.org\",\"@graph\":[{\"@type\":\"WebSite\",\"@id\":\"https:\/\/astd.ville-dinard.fr\/#website\",\"url\":\"https:\/\/astd.ville-dinard.fr\/\",\"name\":\"ASTD - AMICALE SOCIALE DES TERRITORIAUX DINARD\",\"description\":\"T\u00e9l :  02.99.46.91.41 \",\"potentialAction\":[{\"@type\":\"SearchAction\",\"target\":{\"@type\":\"EntryPoint\",\"urlTemplate\":\"https:\/\/astd.ville-dinard.fr\/?s={search_term_string}\"},\"query-input\":\"required name=search_term_string\"}],\"inLanguage\":\"fr-FR\"},{\"@type\":\"WebPage\",\"@id\":\"https:\/\/astd.ville-dinard.fr\/?page_id=139#webpage\",\"url\":\"https:\/\/astd.ville-dinard.fr\/?page_id=139\",\"name\":\"Politique de confidentialit\u00e9 et mentions l\u00e9gales - ASTD - AMICALE SOCIALE DES TERRITORIAUX DINARD\",\"isPartOf\":{\"@id\":\"https:\/\/astd.ville-dinard.fr\/#website\"},\"datePublished\":\"2022-04-20T12:21:35+00:00\",\"dateModified\":\"2022-05-05T19:42:04+00:00\",\"breadcrumb\":{\"@id\":\"https:\/\/astd.ville-dinard.fr\/?page_id=139#breadcrumb\"},\"inLanguage\":\"fr-FR\",\"potentialAction\":[{\"@type\":\"ReadAction\",\"target\":[\"https:\/\/astd.ville-dinard.fr\/?page_id=139\"]}]},{\"@type\":\"BreadcrumbList\",\"@id\":\"https:\/\/astd.ville-dinard.fr\/?page_id=139#breadcrumb\",\"itemListElement\":[{\"@type\":\"ListItem\",\"position\":1,\"name\":\"Accueil\",\"item\":\"https:\/\/astd.ville-dinard.fr\/\"},{\"@type\":\"ListItem\",\"position\":2,\"name\":\"Politique de confidentialit\u00e9 et mentions l\u00e9gales\"}]}]}<\/script>\n<!-- \/ Yoast SEO plugin. -->","yoast_head_json":{"robots":{"index":"index","follow":"follow","max-snippet":"max-snippet:-1","max-image-preview":"max-image-preview:large","max-video-preview":"max-video-preview:-1"},"canonical":"https:\/\/astd.ville-dinard.fr\/?page_id=139","og_locale":"fr_FR","og_type":"article","og_title":"Politique de confidentialit\u00e9 et mentions l\u00e9gales - ASTD - AMICALE SOCIALE DES TERRITORIAUX DINARD","og_description":"L\u2019adresse de notre site est&nbsp;: https:\/\/astd.ville-dinard.fr. Les donn\u00e9es \u00e0 caract\u00e8re personnel collect\u00e9es sur le site de l&rsquo;ASTD sont destin\u00e9es \u00e0 r\u00e9pondre \u00e0 vos demandes ou \u00e0 r\u00e9aliser des analyses statistiques. Elles ne font en aucun cas l\u2019objet de transmission \u00e0 &hellip; Continuer la lecture &rarr;","og_url":"https:\/\/astd.ville-dinard.fr\/?page_id=139","og_site_name":"ASTD - AMICALE SOCIALE DES TERRITORIAUX DINARD","article_modified_time":"2022-05-05T19:42:04+00:00","twitter_card":"summary_large_image","twitter_misc":{"Dur\u00e9e de lecture estim\u00e9e":"1 minute"},"schema":{"@context":"https:\/\/schema.org","@graph":[{"@type":"WebSite","@id":"https:\/\/astd.ville-dinard.fr\/#website","url":"https:\/\/astd.ville-dinard.fr\/","name":"ASTD - AMICALE SOCIALE DES TERRITORIAUX DINARD","description":"T\u00e9l :  02.99.46.91.41 ","potentialAction":[{"@type":"SearchAction","target":{"@type":"EntryPoint","urlTemplate":"https:\/\/astd.ville-dinard.fr\/?s={search_term_string}"},"query-input":"required name=search_term_string"}],"inLanguage":"fr-FR"},{"@type":"WebPage","@id":"https:\/\/astd.ville-dinard.fr\/?page_id=139#webpage","url":"https:\/\/astd.ville-dinard.fr\/?page_id=139","name":"Politique de confidentialit\u00e9 et mentions l\u00e9gales - ASTD - AMICALE SOCIALE DES TERRITORIAUX DINARD","isPartOf":{"@id":"https:\/\/astd.ville-dinard.fr\/#website"},"datePublished":"2022-04-20T12:21:35+00:00","dateModified":"2022-05-05T19:42:04+00:00","breadcrumb":{"@id":"https:\/\/astd.ville-dinard.fr\/?page_id=139#breadcrumb"},"inLanguage":"fr-FR","potentialAction":[{"@type":"ReadAction","target":["https:\/\/astd.ville-dinard.fr\/?page_id=139"]}]},{"@type":"BreadcrumbList","@id":"https:\/\/astd.ville-dinard.fr\/?page_id=139#breadcrumb","itemListElement":[{"@type":"ListItem","position":1,"name":"Accueil","item":"https:\/\/astd.ville-dinard.fr\/"},{"@type":"ListItem","position":2,"name":"Politique de confidentialit\u00e9 et mentions l\u00e9gales"}]}]}},"_links":{"self":[{"href":"https:\/\/astd.ville-dinard.fr\/index.php?rest_route=\/wp\/v2\/pages\/139","targetHints":{"allow":["GET"]}}],"collection":[{"href":"https:\/\/astd.ville-dinard.fr\/index.php?rest_route=\/wp\/v2\/pages"}],"about":[{"href":"https:\/\/astd.ville-dinard.fr\/index.php?rest_route=\/wp\/v2\/types\/page"}],"author":[{"embeddable":true,"href":"https:\/\/astd.ville-dinard.fr\/index.php?rest_route=\/wp\/v2\/users\/1"}],"replies":[{"embeddable":true,"href":"https:\/\/astd.ville-dinard.fr\/index.php?rest_route=%2Fwp%2Fv2%2Fcomments&post=139"}],"version-history":[{"count":7,"href":"https:\/\/astd.ville-dinard.fr\/index.php?rest_route=\/wp\/v2\/pages\/139\/revisions"}],"predecessor-version":[{"id":193,"href":"https:\/\/astd.ville-dinard.fr\/index.php?rest_route=\/wp\/v2\/pages\/139\/revisions\/193"}],"wp:attachment":[{"href":"https:\/\/astd.ville-dinard.fr\/index.php?rest_route=%2Fwp%2Fv2%2Fmedia&parent=139"}],"curies":[{"name":"wp","href":"https:\/\/api.w.org\/{rel}","templated":true}]}}