{"id":118,"date":"2022-04-20T08:39:38","date_gmt":"2022-04-20T08:39:38","guid":{"rendered":"https:\/\/astd.ville-dinard.fr\/?page_id=118"},"modified":"2024-05-29T10:54:42","modified_gmt":"2024-05-29T10:54:42","slug":"bateaux-croissieres","status":"publish","type":"page","link":"https:\/\/astd.ville-dinard.fr\/?page_id=118","title":{"rendered":"DIVERS"},"content":{"rendered":"\n<p><strong><mark style=\"background-color:rgba(0, 0, 0, 0)\" class=\"has-inline-color has-blue-color\">Voici vos avantages en tant qu&rsquo;adh\u00e9rent \u00e0 l&rsquo;ASTD, pour les codes promotionnels, les r\u00e9ductions vous devez passer au bureau pour les avoir<\/mark><\/strong>\ud83d\ude42<\/p>\n\n\n\n<figure class=\"wp-block-pullquote\"><blockquote><p><a href=\"https:\/\/www.passtime.eu\/\">Passtime<\/a><br><a href=\"https:\/\/www.pradel-france.com\/\">Pradel<\/a><br><a href=\"https:\/\/www.francoisesaget.com\/fr-fr\/\">Fran\u00e7oise Saget<\/a><br><a href=\"https:\/\/www.casden.fr\/\">Banque populaire CASDEN<\/a><br><a href=\"https:\/\/www.csf.fr\/\">CSF<\/a><br><a href=\"https:\/\/www.cmb.fr\/reseau-bancaire-cooperatif\/web\/accueil\">Banque cr\u00e9dit mutuel<\/a><br><a href=\"https:\/\/www.banquefrancaisemutualiste.fr\/\">Banque fran\u00e7aise mutualiste<\/a> <br><a href=\"https:\/\/www.emeraudecourtage.fr\/\">Emeraude courtage<\/a><\/p><\/blockquote><\/figure>\n","protected":false},"excerpt":{"rendered":"<p>Voici vos avantages en tant qu&rsquo;adh\u00e9rent \u00e0 l&rsquo;ASTD, pour les codes promotionnels, les r\u00e9ductions vous devez passer au bureau pour les avoir\ud83d\ude42 PasstimePradelFran\u00e7oise SagetBanque populaire CASDENCSFBanque cr\u00e9dit mutuelBanque fran\u00e7aise mutualiste Emeraude courtage<\/p>\n","protected":false},"author":1,"featured_media":0,"parent":0,"menu_order":0,"comment_status":"closed","ping_status":"closed","template":"","meta":{"footnotes":""},"class_list":["post-118","page","type-page","status-publish","hentry"],"yoast_head":"<!-- This site is optimized with the Yoast SEO plugin v18.1 - https:\/\/yoast.com\/wordpress\/plugins\/seo\/ -->\n<meta name=\"robots\" content=\"index, follow, max-snippet:-1, max-image-preview:large, max-video-preview:-1\" \/>\n<link rel=\"canonical\" href=\"https:\/\/astd.ville-dinard.fr\/?page_id=118\" \/>\n<meta property=\"og:locale\" content=\"fr_FR\" \/>\n<meta property=\"og:type\" content=\"article\" \/>\n<meta property=\"og:title\" content=\"DIVERS - ASTD - AMICALE SOCIALE DES TERRITORIAUX DINARD\" \/>\n<meta property=\"og:description\" content=\"Voici vos avantages en tant qu&rsquo;adh\u00e9rent \u00e0 l&rsquo;ASTD, pour les codes promotionnels, les r\u00e9ductions vous devez passer au bureau pour les avoir\ud83d\ude42 PasstimePradelFran\u00e7oise SagetBanque populaire CASDENCSFBanque cr\u00e9dit mutuelBanque fran\u00e7aise mutualiste Emeraude courtage\" \/>\n<meta property=\"og:url\" content=\"https:\/\/astd.ville-dinard.fr\/?page_id=118\" \/>\n<meta property=\"og:site_name\" content=\"ASTD - AMICALE SOCIALE DES TERRITORIAUX DINARD\" \/>\n<meta property=\"article:modified_time\" content=\"2024-05-29T10:54:42+00:00\" \/>\n<meta name=\"twitter:card\" content=\"summary_large_image\" \/>\n<meta name=\"twitter:label1\" content=\"Dur\u00e9e de lecture estim\u00e9e\" \/>\n\t<meta name=\"twitter:data1\" content=\"1 minute\" \/>\n<script type=\"application\/ld+json\" class=\"yoast-schema-graph\">{\"@context\":\"https:\/\/schema.org\",\"@graph\":[{\"@type\":\"WebSite\",\"@id\":\"https:\/\/astd.ville-dinard.fr\/#website\",\"url\":\"https:\/\/astd.ville-dinard.fr\/\",\"name\":\"ASTD - AMICALE SOCIALE DES TERRITORIAUX DINARD\",\"description\":\"T\u00e9l :  02.99.46.91.41 \",\"potentialAction\":[{\"@type\":\"SearchAction\",\"target\":{\"@type\":\"EntryPoint\",\"urlTemplate\":\"https:\/\/astd.ville-dinard.fr\/?s={search_term_string}\"},\"query-input\":\"required name=search_term_string\"}],\"inLanguage\":\"fr-FR\"},{\"@type\":\"WebPage\",\"@id\":\"https:\/\/astd.ville-dinard.fr\/?page_id=118#webpage\",\"url\":\"https:\/\/astd.ville-dinard.fr\/?page_id=118\",\"name\":\"DIVERS - ASTD - AMICALE SOCIALE DES TERRITORIAUX DINARD\",\"isPartOf\":{\"@id\":\"https:\/\/astd.ville-dinard.fr\/#website\"},\"datePublished\":\"2022-04-20T08:39:38+00:00\",\"dateModified\":\"2024-05-29T10:54:42+00:00\",\"breadcrumb\":{\"@id\":\"https:\/\/astd.ville-dinard.fr\/?page_id=118#breadcrumb\"},\"inLanguage\":\"fr-FR\",\"potentialAction\":[{\"@type\":\"ReadAction\",\"target\":[\"https:\/\/astd.ville-dinard.fr\/?page_id=118\"]}]},{\"@type\":\"BreadcrumbList\",\"@id\":\"https:\/\/astd.ville-dinard.fr\/?page_id=118#breadcrumb\",\"itemListElement\":[{\"@type\":\"ListItem\",\"position\":1,\"name\":\"Accueil\",\"item\":\"https:\/\/astd.ville-dinard.fr\/\"},{\"@type\":\"ListItem\",\"position\":2,\"name\":\"DIVERS\"}]}]}<\/script>\n<!-- \/ Yoast SEO plugin. -->","yoast_head_json":{"robots":{"index":"index","follow":"follow","max-snippet":"max-snippet:-1","max-image-preview":"max-image-preview:large","max-video-preview":"max-video-preview:-1"},"canonical":"https:\/\/astd.ville-dinard.fr\/?page_id=118","og_locale":"fr_FR","og_type":"article","og_title":"DIVERS - ASTD - AMICALE SOCIALE DES TERRITORIAUX DINARD","og_description":"Voici vos avantages en tant qu&rsquo;adh\u00e9rent \u00e0 l&rsquo;ASTD, pour les codes promotionnels, les r\u00e9ductions vous devez passer au bureau pour les avoir\ud83d\ude42 PasstimePradelFran\u00e7oise SagetBanque populaire CASDENCSFBanque cr\u00e9dit mutuelBanque fran\u00e7aise mutualiste Emeraude courtage","og_url":"https:\/\/astd.ville-dinard.fr\/?page_id=118","og_site_name":"ASTD - AMICALE SOCIALE DES TERRITORIAUX DINARD","article_modified_time":"2024-05-29T10:54:42+00:00","twitter_card":"summary_large_image","twitter_misc":{"Dur\u00e9e de lecture estim\u00e9e":"1 minute"},"schema":{"@context":"https:\/\/schema.org","@graph":[{"@type":"WebSite","@id":"https:\/\/astd.ville-dinard.fr\/#website","url":"https:\/\/astd.ville-dinard.fr\/","name":"ASTD - AMICALE SOCIALE DES TERRITORIAUX DINARD","description":"T\u00e9l :  02.99.46.91.41 ","potentialAction":[{"@type":"SearchAction","target":{"@type":"EntryPoint","urlTemplate":"https:\/\/astd.ville-dinard.fr\/?s={search_term_string}"},"query-input":"required name=search_term_string"}],"inLanguage":"fr-FR"},{"@type":"WebPage","@id":"https:\/\/astd.ville-dinard.fr\/?page_id=118#webpage","url":"https:\/\/astd.ville-dinard.fr\/?page_id=118","name":"DIVERS - ASTD - AMICALE SOCIALE DES TERRITORIAUX DINARD","isPartOf":{"@id":"https:\/\/astd.ville-dinard.fr\/#website"},"datePublished":"2022-04-20T08:39:38+00:00","dateModified":"2024-05-29T10:54:42+00:00","breadcrumb":{"@id":"https:\/\/astd.ville-dinard.fr\/?page_id=118#breadcrumb"},"inLanguage":"fr-FR","potentialAction":[{"@type":"ReadAction","target":["https:\/\/astd.ville-dinard.fr\/?page_id=118"]}]},{"@type":"BreadcrumbList","@id":"https:\/\/astd.ville-dinard.fr\/?page_id=118#breadcrumb","itemListElement":[{"@type":"ListItem","position":1,"name":"Accueil","item":"https:\/\/astd.ville-dinard.fr\/"},{"@type":"ListItem","position":2,"name":"DIVERS"}]}]}},"_links":{"self":[{"href":"https:\/\/astd.ville-dinard.fr\/index.php?rest_route=\/wp\/v2\/pages\/118","targetHints":{"allow":["GET"]}}],"collection":[{"href":"https:\/\/astd.ville-dinard.fr\/index.php?rest_route=\/wp\/v2\/pages"}],"about":[{"href":"https:\/\/astd.ville-dinard.fr\/index.php?rest_route=\/wp\/v2\/types\/page"}],"author":[{"embeddable":true,"href":"https:\/\/astd.ville-dinard.fr\/index.php?rest_route=\/wp\/v2\/users\/1"}],"replies":[{"embeddable":true,"href":"https:\/\/astd.ville-dinard.fr\/index.php?rest_route=%2Fwp%2Fv2%2Fcomments&post=118"}],"version-history":[{"count":8,"href":"https:\/\/astd.ville-dinard.fr\/index.php?rest_route=\/wp\/v2\/pages\/118\/revisions"}],"predecessor-version":[{"id":362,"href":"https:\/\/astd.ville-dinard.fr\/index.php?rest_route=\/wp\/v2\/pages\/118\/revisions\/362"}],"wp:attachment":[{"href":"https:\/\/astd.ville-dinard.fr\/index.php?rest_route=%2Fwp%2Fv2%2Fmedia&parent=118"}],"curies":[{"name":"wp","href":"https:\/\/api.w.org\/{rel}","templated":true}]}}